{"id":895,"date":"2019-10-09T17:49:51","date_gmt":"2019-10-09T17:49:51","guid":{"rendered":"http:\/\/soykokparke.com\/?page_id=895"},"modified":"2019-10-15T22:56:25","modified_gmt":"2019-10-15T22:56:25","slug":"iletisim","status":"publish","type":"page","link":"https:\/\/soykokparke.com\/?page_id=895","title":{"rendered":"\u0130LET\u0130\u015e\u0130M"},"content":{"rendered":"\n\n\n<div id=\"wk-griddcd\" class=\"uk-grid-width-1-2 uk-grid-width-large-1-4 uk-grid uk-grid-match uk-text-left \" data-uk-grid-match=\"{target:'> div > .uk-panel', row:true}\" data-uk-grid-margin >\n\n\n    <div>\n        <div class=\"uk-panel\">\n\n            \n            \n            \n            \n                        <h3 class=\"uk-h4 uk-margin-top-remove\">\n\n                                    B\u0130Z\u0130 Z\u0130YARET ED\u0130N                \n                \n            <\/h3>\n            \n            \n            \n                        <div class=\"uk-margin\">Necip Faz\u0131l Mah. Alemda\u011f Cd. No: 906<br>\n\u00dcmraniye \/ \u0130STANBUL<\/div>\n            \n            \n            \n            \n        <\/div>\n    <\/div>\n\n\n    <div>\n        <div class=\"uk-panel\">\n\n            \n            \n            \n            \n                        <h3 class=\"uk-h4 uk-margin-top-remove\">\n\n                                    \u0130LET\u0130\u015e\u0130M B\u0130LG\u0130LER\u0130                \n                \n            <\/h3>\n            \n            \n            \n                        <div class=\"uk-margin\"><span class=\"uk-text-primary\">GSM +<\/span> <br class=\"uk-visible-medium\">0534 292 5143<br>\n<span class=\"uk-text-primary\">Tel +<\/span> <br class=\"uk-visible-medium\">0216 540 4065<br>\n<span class=\"uk-text-primary\">E-Posta +<\/span> <br class=\"uk-visible-medium\"><span class=\"uk-link-muted\">bilgi@soykokparke.com<\/span><\/div>\n            \n            \n            \n            \n        <\/div>\n    <\/div>\n\n\n    <div>\n        <div class=\"uk-panel\">\n\n            \n            \n            \n            \n                        <h3 class=\"uk-h4 uk-margin-top-remove\">\n\n                                    MESA\u0130 SAATLER\u0130                \n                \n            <\/h3>\n            \n            \n            \n                        <div class=\"uk-margin\"><span class=\"uk-text-primary\">Pazartesi-Cuma +<\/span> <br class=\"uk-visible-medium\">08:30-19:15<br>\n<span class=\"uk-text-primary\">Cumartesi +<\/span> <br class=\"uk-visible-medium\">08:30-19:15<br><\/div>\n            \n            \n            \n            \n        <\/div>\n    <\/div>\n\n\n    <div>\n        <div class=\"uk-panel\">\n\n            \n            \n            \n            \n                        <h3 class=\"uk-h4 uk-margin-top-remove\">\n\n                                    INSTAGRAM                \n                \n            <\/h3>\n            \n            \n            \n                        <div class=\"uk-margin\"><div data-uk-margin>\n    <a href=\"http:\/\/www.instagram.com\/soykokparke\" class=\"uk-icon-button uk-icon-instagram\"><\/a>\n<\/div><\/div>\n            \n            \n            \n            \n        <\/div>\n    <\/div>\n\n\n<\/div>\n\n<script>\n    (function($){\n        \/\/ get the images of the grid and replace it by a canvas of the same size to fix the problem with overlapping images on load.\n        $('img:first', $('#wk-griddcd')).each(function() {\n            var $img = $(this),\n                $canvas = $('<canvas class=\"uk-responsive-width\"><\/canvas>').attr({width:$img.attr('width'), height:$img.attr('height')}),\n                img = new Image;\n\n            $img.css('display', 'none').after($canvas);\n\n            img.onload = function(){\n                $canvas.remove();\n                $img.css('display', '');\n            };\n\n            img.src = this.src;\n        });\n\n    })(jQuery);\n<\/script>\n\n\n\n\n<p><\/p>\n\n\n\n<p><\/p>\n\n\n\n<p><strong>\u0130leti\u015fim Formu<\/strong><\/p>\n\n\n\n<div class=\"wpforms-container wpforms-container-full\" id=\"wpforms-958\"><form id=\"wpforms-form-958\" class=\"wpforms-validate wpforms-form\" data-formid=\"958\" method=\"post\" enctype=\"multipart\/form-data\" action=\"\/index.php?rest_route=%2Fwp%2Fv2%2Fpages%2F895\" data-token=\"9ead671f4ac2dbcda59256eaf7fc5068\" data-token-time=\"1776424511\"><noscript class=\"wpforms-error-noscript\">Bu formu bitirebilmek i\u00e7in taray\u0131c\u0131n\u0131zda JavaScript&#039;i etkinle\u015ftirin.<\/noscript><div class=\"wpforms-field-container\"><div id=\"wpforms-958-field_0-container\" class=\"wpforms-field wpforms-field-name\" data-field-id=\"0\"><label class=\"wpforms-field-label\" for=\"wpforms-958-field_0\">Ad\u0131 Soyad\u0131 <span class=\"wpforms-required-label\">*<\/span><\/label><input type=\"text\" id=\"wpforms-958-field_0\" class=\"wpforms-field-medium wpforms-field-required\" name=\"wpforms[fields][0]\" required><\/div><div id=\"wpforms-958-field_6-container\" class=\"wpforms-field wpforms-field-number\" data-field-id=\"6\"><label class=\"wpforms-field-label\" for=\"wpforms-958-field_6\">Telefon Numaras\u0131 <span class=\"wpforms-required-label\">*<\/span><\/label><input type=\"number\" id=\"wpforms-958-field_6\" class=\"wpforms-field-medium wpforms-field-required\" name=\"wpforms[fields][6]\" required><\/div><div id=\"wpforms-958-field_1-container\" class=\"wpforms-field wpforms-field-email\" data-field-id=\"1\"><label class=\"wpforms-field-label\" for=\"wpforms-958-field_1\">E-Posta <span class=\"wpforms-required-label\">*<\/span><\/label><input type=\"email\" id=\"wpforms-958-field_1\" class=\"wpforms-field-medium wpforms-field-required\" name=\"wpforms[fields][1]\" spellcheck=\"false\" required><\/div><div id=\"wpforms-958-field_5-container\" class=\"wpforms-field wpforms-field-checkbox\" data-field-id=\"5\"><label class=\"wpforms-field-label\">Kategori (Birden Fazla Se\u00e7ebilirsiniz.)<\/label><ul id=\"wpforms-958-field_5\"><li class=\"choice-1 depth-1\"><input type=\"checkbox\" id=\"wpforms-958-field_5_1\" name=\"wpforms[fields][5][]\" value=\"Ke\u015fif Yapt\u0131rmak \u0130stiyorum\"  ><label class=\"wpforms-field-label-inline\" for=\"wpforms-958-field_5_1\">Ke\u015fif Yapt\u0131rmak \u0130stiyorum<\/label><\/li><li class=\"choice-2 depth-1\"><input type=\"checkbox\" id=\"wpforms-958-field_5_2\" name=\"wpforms[fields][5][]\" value=\"Laminat \/ Lamine Parke\"  ><label class=\"wpforms-field-label-inline\" for=\"wpforms-958-field_5_2\">Laminat \/ Lamine Parke<\/label><\/li><li class=\"choice-3 depth-1\"><input type=\"checkbox\" id=\"wpforms-958-field_5_3\" name=\"wpforms[fields][5][]\" value=\"Masif \/ Deck Uygulamalar\u0131\"  ><label class=\"wpforms-field-label-inline\" for=\"wpforms-958-field_5_3\">Masif \/ Deck Uygulamalar\u0131<\/label><\/li><li class=\"choice-4 depth-1\"><input type=\"checkbox\" id=\"wpforms-958-field_5_4\" name=\"wpforms[fields][5][]\" value=\"Bak\u0131m \/ Onar\u0131m\"  ><label class=\"wpforms-field-label-inline\" for=\"wpforms-958-field_5_4\">Bak\u0131m \/ Onar\u0131m<\/label><\/li><li class=\"choice-5 depth-1\"><input type=\"checkbox\" id=\"wpforms-958-field_5_5\" name=\"wpforms[fields][5][]\" value=\"S\u00fcp\u00fcrgelik\"  ><label class=\"wpforms-field-label-inline\" for=\"wpforms-958-field_5_5\">S\u00fcp\u00fcrgelik<\/label><\/li><li class=\"choice-6 depth-1\"><input type=\"checkbox\" id=\"wpforms-958-field_5_6\" name=\"wpforms[fields][5][]\" value=\"Di\u011fer\"  ><label class=\"wpforms-field-label-inline\" for=\"wpforms-958-field_5_6\">Di\u011fer<\/label><\/li><\/ul><\/div><div id=\"wpforms-958-field_2-container\" class=\"wpforms-field wpforms-field-textarea\" data-field-id=\"2\"><label class=\"wpforms-field-label\" for=\"wpforms-958-field_2\">Mesaj<\/label><textarea id=\"wpforms-958-field_2\" class=\"wpforms-field-medium\" name=\"wpforms[fields][2]\" ><\/textarea><\/div><\/div><!-- .wpforms-field-container --><div class=\"wpforms-field wpforms-field-hp\"><label for=\"wpforms-958-field-hp\" class=\"wpforms-field-label\">Phone<\/label><input type=\"text\" name=\"wpforms[hp]\" id=\"wpforms-958-field-hp\" class=\"wpforms-field-medium\"><\/div><div class=\"wpforms-submit-container\" ><input type=\"hidden\" name=\"wpforms[id]\" value=\"958\"><input type=\"hidden\" name=\"page_title\" value=\"\"><input type=\"hidden\" name=\"page_url\" value=\"https:\/\/soykokparke.com\/index.php?rest_route=\/wp\/v2\/pages\/895\"><button type=\"submit\" name=\"wpforms[submit]\" id=\"wpforms-submit-958\" class=\"wpforms-submit\" data-alt-text=\"G\u00f6nderiliyor...\" data-submit-text=\"G\u00f6nder\" aria-live=\"assertive\" value=\"wpforms-submit\">G\u00f6nder<\/button><\/div><\/form><\/div>  <!-- .wpforms-container -->\n","protected":false},"excerpt":{"rendered":"<p>\u0130leti\u015fim Formu<\/p>\n","protected":false},"author":1,"featured_media":0,"parent":0,"menu_order":0,"comment_status":"closed","ping_status":"closed","template":"","meta":{"footnotes":""},"class_list":["post-895","page","type-page","status-publish","hentry"],"_links":{"self":[{"href":"https:\/\/soykokparke.com\/index.php?rest_route=\/wp\/v2\/pages\/895","targetHints":{"allow":["GET"]}}],"collection":[{"href":"https:\/\/soykokparke.com\/index.php?rest_route=\/wp\/v2\/pages"}],"about":[{"href":"https:\/\/soykokparke.com\/index.php?rest_route=\/wp\/v2\/types\/page"}],"author":[{"embeddable":true,"href":"https:\/\/soykokparke.com\/index.php?rest_route=\/wp\/v2\/users\/1"}],"replies":[{"embeddable":true,"href":"https:\/\/soykokparke.com\/index.php?rest_route=%2Fwp%2Fv2%2Fcomments&post=895"}],"version-history":[{"count":0,"href":"https:\/\/soykokparke.com\/index.php?rest_route=\/wp\/v2\/pages\/895\/revisions"}],"wp:attachment":[{"href":"https:\/\/soykokparke.com\/index.php?rest_route=%2Fwp%2Fv2%2Fmedia&parent=895"}],"curies":[{"name":"wp","href":"https:\/\/api.w.org\/{rel}","templated":true}]}}