{"id":879,"date":"2019-10-09T17:46:34","date_gmt":"2019-10-09T17:46:34","guid":{"rendered":"http:\/\/soykokparke.com\/?page_id=879"},"modified":"2023-11-21T13:14:33","modified_gmt":"2023-11-21T13:14:33","slug":"lamine","status":"publish","type":"page","link":"https:\/\/soykokparke.com\/?page_id=879","title":{"rendered":"LAM\u0130NE PLANK"},"content":{"rendered":"\n<p class=\"has-medium-font-size\">Lamine Plank \u00fcr\u00fcnlerimizi a\u015fa\u011f\u0131da inceleyebilirsiniz. Sormak istedi\u011finiz t\u00fcm sorular\u0131n\u0131z i\u00e7in l\u00fctfen bizimle ileti\u015fime ge\u00e7iniz. <\/p>\n\n\n\n\n\n<div id=\"wk-gridaa9\" class=\"uk-grid-width-1-1 uk-grid-width-small-1-2 uk-grid-width-medium-1-2 uk-grid-width-large-1-4 uk-grid-width-xlarge-1-4 tm-overlay-lykka\" data-uk-grid=\"{gutter: ' 15'}\"  data-uk-scrollspy=\"{cls:'uk-animation-scale-up uk-invisible', target:'> div > .uk-panel', delay:300}\">\n\n    \n    <div>\n    \n<div class=\"uk-panel uk-invisible\">\n\n    <figure class=\"uk-overlay uk-overlay-hover uk-border-rounded\">\n\n        <img loading=\"lazy\" decoding=\"async\" src=\"\/wp-content\/uploads\/3e06af89-6b07-4e7b-af5e-ec3e940f6e1d.jpeg\" class=\"uk-overlay-scale\" width=\"716\" height=\"1600\">\n                <div class=\"uk-overlay-panel uk-overlay-background uk-overlay-fade\"><\/div>\n        \n        <div class=\"uk-overlay-panel uk-ignore uk-flex uk-flex-center uk-flex-middle uk-text-center\">\n            <div>\n\n                \n                \n                \n            <\/div>\n        <\/div>\n\n                                                        <a class=\"uk-position-cover\" href=\"\/wp-content\/uploads\/3e06af89-6b07-4e7b-af5e-ec3e940f6e1d.jpeg\" data-lightbox-type=\"image\" data-uk-lightbox=\"{group:'.wk-1aa9'}\" ><\/a>\n                                    \n    <\/figure>\n\n<\/div>\n    <\/div>\n\n        \n    <div>\n    \n<div class=\"uk-panel uk-invisible\">\n\n    <figure class=\"uk-overlay uk-overlay-hover uk-border-rounded\">\n\n        <img loading=\"lazy\" decoding=\"async\" src=\"\/wp-content\/uploads\/19cb041b-2e93-406a-babb-ffa1d98c5bab.jpeg\" class=\"uk-overlay-scale\" width=\"716\" height=\"1600\">\n                <div class=\"uk-overlay-panel uk-overlay-background uk-overlay-fade\"><\/div>\n        \n        <div class=\"uk-overlay-panel uk-ignore uk-flex uk-flex-center uk-flex-middle uk-text-center\">\n            <div>\n\n                \n                \n                \n            <\/div>\n        <\/div>\n\n                                                        <a class=\"uk-position-cover\" href=\"\/wp-content\/uploads\/19cb041b-2e93-406a-babb-ffa1d98c5bab.jpeg\" data-lightbox-type=\"image\" data-uk-lightbox=\"{group:'.wk-1aa9'}\" ><\/a>\n                                    \n    <\/figure>\n\n<\/div>\n    <\/div>\n\n        \n    <div>\n    \n<div class=\"uk-panel uk-invisible\">\n\n    <figure class=\"uk-overlay uk-overlay-hover uk-border-rounded\">\n\n        <img loading=\"lazy\" decoding=\"async\" src=\"\/wp-content\/uploads\/24d4ee2e-90da-403f-8141-810f72208c7d.jpeg\" class=\"uk-overlay-scale\" width=\"1080\" height=\"1920\">\n                <div class=\"uk-overlay-panel uk-overlay-background uk-overlay-fade\"><\/div>\n        \n        <div class=\"uk-overlay-panel uk-ignore uk-flex uk-flex-center uk-flex-middle uk-text-center\">\n            <div>\n\n                \n                \n                \n            <\/div>\n        <\/div>\n\n                                                        <a class=\"uk-position-cover\" href=\"\/wp-content\/uploads\/24d4ee2e-90da-403f-8141-810f72208c7d.jpeg\" data-lightbox-type=\"image\" data-uk-lightbox=\"{group:'.wk-1aa9'}\" ><\/a>\n                                    \n    <\/figure>\n\n<\/div>\n    <\/div>\n\n        \n    <div>\n    \n<div class=\"uk-panel uk-invisible\">\n\n    <figure class=\"uk-overlay uk-overlay-hover uk-border-rounded\">\n\n        <img loading=\"lazy\" decoding=\"async\" src=\"\/wp-content\/uploads\/74aa367f-39ef-46cf-bed8-67d1b36cf90b.jpeg\" class=\"uk-overlay-scale\" width=\"716\" height=\"1600\">\n                <div class=\"uk-overlay-panel uk-overlay-background uk-overlay-fade\"><\/div>\n        \n        <div class=\"uk-overlay-panel uk-ignore uk-flex uk-flex-center uk-flex-middle uk-text-center\">\n            <div>\n\n                \n                \n                \n            <\/div>\n        <\/div>\n\n                                                        <a class=\"uk-position-cover\" href=\"\/wp-content\/uploads\/74aa367f-39ef-46cf-bed8-67d1b36cf90b.jpeg\" data-lightbox-type=\"image\" data-uk-lightbox=\"{group:'.wk-1aa9'}\" ><\/a>\n                                    \n    <\/figure>\n\n<\/div>\n    <\/div>\n\n        \n    <div>\n    \n<div class=\"uk-panel uk-invisible\">\n\n    <figure class=\"uk-overlay uk-overlay-hover uk-border-rounded\">\n\n        <img loading=\"lazy\" decoding=\"async\" src=\"\/wp-content\/uploads\/94d1f6ae-309b-49f4-a82b-8dd01b576438.jpeg\" class=\"uk-overlay-scale\" width=\"716\" height=\"1600\">\n                <div class=\"uk-overlay-panel uk-overlay-background uk-overlay-fade\"><\/div>\n        \n        <div class=\"uk-overlay-panel uk-ignore uk-flex uk-flex-center uk-flex-middle uk-text-center\">\n            <div>\n\n                \n                \n                \n            <\/div>\n        <\/div>\n\n                                                        <a class=\"uk-position-cover\" href=\"\/wp-content\/uploads\/94d1f6ae-309b-49f4-a82b-8dd01b576438.jpeg\" data-lightbox-type=\"image\" data-uk-lightbox=\"{group:'.wk-1aa9'}\" ><\/a>\n                                    \n    <\/figure>\n\n<\/div>\n    <\/div>\n\n        \n    <div>\n    \n<div class=\"uk-panel uk-invisible\">\n\n    <figure class=\"uk-overlay uk-overlay-hover uk-border-rounded\">\n\n        <img loading=\"lazy\" decoding=\"async\" src=\"\/wp-content\/uploads\/376b3722-439e-4352-920c-57ce49efe802.jpeg\" class=\"uk-overlay-scale\" width=\"921\" height=\"2048\">\n                <div class=\"uk-overlay-panel uk-overlay-background uk-overlay-fade\"><\/div>\n        \n        <div class=\"uk-overlay-panel uk-ignore uk-flex uk-flex-center uk-flex-middle uk-text-center\">\n            <div>\n\n                \n                \n                \n            <\/div>\n        <\/div>\n\n                                                        <a class=\"uk-position-cover\" href=\"\/wp-content\/uploads\/376b3722-439e-4352-920c-57ce49efe802.jpeg\" data-lightbox-type=\"image\" data-uk-lightbox=\"{group:'.wk-1aa9'}\" ><\/a>\n                                    \n    <\/figure>\n\n<\/div>\n    <\/div>\n\n        \n    <div>\n    \n<div class=\"uk-panel uk-invisible\">\n\n    <figure class=\"uk-overlay uk-overlay-hover uk-border-rounded\">\n\n        <img loading=\"lazy\" decoding=\"async\" src=\"\/wp-content\/uploads\/475de1b5-463c-4fd3-9328-3bc5616c3d2a.jpeg\" class=\"uk-overlay-scale\" width=\"716\" height=\"1600\">\n                <div class=\"uk-overlay-panel uk-overlay-background uk-overlay-fade\"><\/div>\n        \n        <div class=\"uk-overlay-panel uk-ignore uk-flex uk-flex-center uk-flex-middle uk-text-center\">\n            <div>\n\n                \n                \n                \n            <\/div>\n        <\/div>\n\n                                                        <a class=\"uk-position-cover\" href=\"\/wp-content\/uploads\/475de1b5-463c-4fd3-9328-3bc5616c3d2a.jpeg\" data-lightbox-type=\"image\" data-uk-lightbox=\"{group:'.wk-1aa9'}\" ><\/a>\n                                    \n    <\/figure>\n\n<\/div>\n    <\/div>\n\n        \n    <div>\n    \n<div class=\"uk-panel uk-invisible\">\n\n    <figure class=\"uk-overlay uk-overlay-hover uk-border-rounded\">\n\n        <img loading=\"lazy\" decoding=\"async\" src=\"\/wp-content\/uploads\/629ca711-7e61-4993-8d27-d590a7fe1d27.jpeg\" class=\"uk-overlay-scale\" width=\"716\" height=\"1600\">\n                <div class=\"uk-overlay-panel uk-overlay-background uk-overlay-fade\"><\/div>\n        \n        <div class=\"uk-overlay-panel uk-ignore uk-flex uk-flex-center uk-flex-middle uk-text-center\">\n            <div>\n\n                \n                \n                \n            <\/div>\n        <\/div>\n\n                                                        <a class=\"uk-position-cover\" href=\"\/wp-content\/uploads\/629ca711-7e61-4993-8d27-d590a7fe1d27.jpeg\" data-lightbox-type=\"image\" data-uk-lightbox=\"{group:'.wk-1aa9'}\" ><\/a>\n                                    \n    <\/figure>\n\n<\/div>\n    <\/div>\n\n        \n    <div>\n    \n<div class=\"uk-panel uk-invisible\">\n\n    <figure class=\"uk-overlay uk-overlay-hover uk-border-rounded\">\n\n        <img loading=\"lazy\" decoding=\"async\" src=\"\/wp-content\/uploads\/7200d878-2ffd-4c61-940e-d6ecbd568a0f.jpeg\" class=\"uk-overlay-scale\" width=\"716\" height=\"1600\">\n                <div class=\"uk-overlay-panel uk-overlay-background uk-overlay-fade\"><\/div>\n        \n        <div class=\"uk-overlay-panel uk-ignore uk-flex uk-flex-center uk-flex-middle uk-text-center\">\n            <div>\n\n                \n                \n                \n            <\/div>\n        <\/div>\n\n                                                        <a class=\"uk-position-cover\" href=\"\/wp-content\/uploads\/7200d878-2ffd-4c61-940e-d6ecbd568a0f.jpeg\" data-lightbox-type=\"image\" data-uk-lightbox=\"{group:'.wk-1aa9'}\" ><\/a>\n                                    \n    <\/figure>\n\n<\/div>\n    <\/div>\n\n        \n    <div>\n    \n<div class=\"uk-panel uk-invisible\">\n\n    <figure class=\"uk-overlay uk-overlay-hover uk-border-rounded\">\n\n        <img loading=\"lazy\" decoding=\"async\" src=\"\/wp-content\/uploads\/54570dd4-3bd0-4f75-a28f-dcdc7cae7827.jpeg\" class=\"uk-overlay-scale\" width=\"1200\" height=\"1600\">\n                <div class=\"uk-overlay-panel uk-overlay-background uk-overlay-fade\"><\/div>\n        \n        <div class=\"uk-overlay-panel uk-ignore uk-flex uk-flex-center uk-flex-middle uk-text-center\">\n            <div>\n\n                \n                \n                \n            <\/div>\n        <\/div>\n\n                                                        <a class=\"uk-position-cover\" href=\"\/wp-content\/uploads\/54570dd4-3bd0-4f75-a28f-dcdc7cae7827.jpeg\" data-lightbox-type=\"image\" data-uk-lightbox=\"{group:'.wk-1aa9'}\" ><\/a>\n                                    \n    <\/figure>\n\n<\/div>\n    <\/div>\n\n        \n    <div>\n    \n<div class=\"uk-panel uk-invisible\">\n\n    <figure class=\"uk-overlay uk-overlay-hover uk-border-rounded\">\n\n        <img loading=\"lazy\" decoding=\"async\" src=\"\/wp-content\/uploads\/09279745-d6c4-4a76-af74-ab4ec65f1d22.jpeg\" class=\"uk-overlay-scale\" width=\"1200\" height=\"1600\">\n                <div class=\"uk-overlay-panel uk-overlay-background uk-overlay-fade\"><\/div>\n        \n        <div class=\"uk-overlay-panel uk-ignore uk-flex uk-flex-center uk-flex-middle uk-text-center\">\n            <div>\n\n                \n                \n                \n            <\/div>\n        <\/div>\n\n                                                        <a class=\"uk-position-cover\" href=\"\/wp-content\/uploads\/09279745-d6c4-4a76-af74-ab4ec65f1d22.jpeg\" data-lightbox-type=\"image\" data-uk-lightbox=\"{group:'.wk-1aa9'}\" ><\/a>\n                                    \n    <\/figure>\n\n<\/div>\n    <\/div>\n\n        \n    <div>\n    \n<div class=\"uk-panel uk-invisible\">\n\n    <figure class=\"uk-overlay uk-overlay-hover uk-border-rounded\">\n\n        <img loading=\"lazy\" decoding=\"async\" src=\"\/wp-content\/uploads\/aceb3dfb-0381-4c15-bb13-62c40c50b358.jpeg\" class=\"uk-overlay-scale\" width=\"716\" height=\"1600\">\n                <div class=\"uk-overlay-panel uk-overlay-background uk-overlay-fade\"><\/div>\n        \n        <div class=\"uk-overlay-panel uk-ignore uk-flex uk-flex-center uk-flex-middle uk-text-center\">\n            <div>\n\n                \n                \n                \n            <\/div>\n        <\/div>\n\n                                                        <a class=\"uk-position-cover\" href=\"\/wp-content\/uploads\/aceb3dfb-0381-4c15-bb13-62c40c50b358.jpeg\" data-lightbox-type=\"image\" data-uk-lightbox=\"{group:'.wk-1aa9'}\" ><\/a>\n                                    \n    <\/figure>\n\n<\/div>\n    <\/div>\n\n        \n    <div>\n    \n<div class=\"uk-panel uk-invisible\">\n\n    <figure class=\"uk-overlay uk-overlay-hover uk-border-rounded\">\n\n        <img loading=\"lazy\" decoding=\"async\" src=\"\/wp-content\/uploads\/b51ff317-cce1-47a0-80db-e2e98b2a523e.jpeg\" class=\"uk-overlay-scale\" width=\"1200\" height=\"1600\">\n                <div class=\"uk-overlay-panel uk-overlay-background uk-overlay-fade\"><\/div>\n        \n        <div class=\"uk-overlay-panel uk-ignore uk-flex uk-flex-center uk-flex-middle uk-text-center\">\n            <div>\n\n                \n                \n                \n            <\/div>\n        <\/div>\n\n                                                        <a class=\"uk-position-cover\" href=\"\/wp-content\/uploads\/b51ff317-cce1-47a0-80db-e2e98b2a523e.jpeg\" data-lightbox-type=\"image\" data-uk-lightbox=\"{group:'.wk-1aa9'}\" ><\/a>\n                                    \n    <\/figure>\n\n<\/div>\n    <\/div>\n\n        \n    <div>\n    \n<div class=\"uk-panel uk-invisible\">\n\n    <figure class=\"uk-overlay uk-overlay-hover uk-border-rounded\">\n\n        <img loading=\"lazy\" decoding=\"async\" src=\"\/wp-content\/uploads\/b3348f2e-7d3f-4709-bee2-b1117db464c7.jpeg\" class=\"uk-overlay-scale\" width=\"716\" height=\"1600\">\n                <div class=\"uk-overlay-panel uk-overlay-background uk-overlay-fade\"><\/div>\n        \n        <div class=\"uk-overlay-panel uk-ignore uk-flex uk-flex-center uk-flex-middle uk-text-center\">\n            <div>\n\n                \n                \n                \n            <\/div>\n        <\/div>\n\n                                                        <a class=\"uk-position-cover\" href=\"\/wp-content\/uploads\/b3348f2e-7d3f-4709-bee2-b1117db464c7.jpeg\" data-lightbox-type=\"image\" data-uk-lightbox=\"{group:'.wk-1aa9'}\" ><\/a>\n                                    \n    <\/figure>\n\n<\/div>\n    <\/div>\n\n        \n    <div>\n    \n<div class=\"uk-panel uk-invisible\">\n\n    <figure class=\"uk-overlay uk-overlay-hover uk-border-rounded\">\n\n        <img loading=\"lazy\" decoding=\"async\" src=\"\/wp-content\/uploads\/bf2be6ff-d3b2-4f54-983f-034e956d07c0.jpeg\" class=\"uk-overlay-scale\" width=\"1200\" height=\"1600\">\n                <div class=\"uk-overlay-panel uk-overlay-background uk-overlay-fade\"><\/div>\n        \n        <div class=\"uk-overlay-panel uk-ignore uk-flex uk-flex-center uk-flex-middle uk-text-center\">\n            <div>\n\n                \n                \n                \n            <\/div>\n        <\/div>\n\n                                                        <a class=\"uk-position-cover\" href=\"\/wp-content\/uploads\/bf2be6ff-d3b2-4f54-983f-034e956d07c0.jpeg\" data-lightbox-type=\"image\" data-uk-lightbox=\"{group:'.wk-1aa9'}\" ><\/a>\n                                    \n    <\/figure>\n\n<\/div>\n    <\/div>\n\n        \n    <div>\n    \n<div class=\"uk-panel uk-invisible\">\n\n    <figure class=\"uk-overlay uk-overlay-hover uk-border-rounded\">\n\n        <img loading=\"lazy\" decoding=\"async\" src=\"\/wp-content\/uploads\/ea877de6-da36-4e33-b4ec-b4f4550e4251.jpeg\" class=\"uk-overlay-scale\" width=\"1200\" height=\"1600\">\n                <div class=\"uk-overlay-panel uk-overlay-background uk-overlay-fade\"><\/div>\n        \n        <div class=\"uk-overlay-panel uk-ignore uk-flex uk-flex-center uk-flex-middle uk-text-center\">\n            <div>\n\n                \n                \n                \n            <\/div>\n        <\/div>\n\n                                                        <a class=\"uk-position-cover\" href=\"\/wp-content\/uploads\/ea877de6-da36-4e33-b4ec-b4f4550e4251.jpeg\" data-lightbox-type=\"image\" data-uk-lightbox=\"{group:'.wk-1aa9'}\" ><\/a>\n                                    \n    <\/figure>\n\n<\/div>\n    <\/div>\n\n        \n    <div>\n    \n<div class=\"uk-panel uk-invisible\">\n\n    <figure class=\"uk-overlay uk-overlay-hover uk-border-rounded\">\n\n        <img loading=\"lazy\" decoding=\"async\" src=\"\/wp-content\/uploads\/f8881cd6-b042-4a71-99a0-ebaaae0cf7d2.jpeg\" class=\"uk-overlay-scale\" width=\"1080\" height=\"1920\">\n                <div class=\"uk-overlay-panel uk-overlay-background uk-overlay-fade\"><\/div>\n        \n        <div class=\"uk-overlay-panel uk-ignore uk-flex uk-flex-center uk-flex-middle uk-text-center\">\n            <div>\n\n                \n                \n                \n            <\/div>\n        <\/div>\n\n                                                        <a class=\"uk-position-cover\" href=\"\/wp-content\/uploads\/f8881cd6-b042-4a71-99a0-ebaaae0cf7d2.jpeg\" data-lightbox-type=\"image\" data-uk-lightbox=\"{group:'.wk-1aa9'}\" ><\/a>\n                                    \n    <\/figure>\n\n<\/div>\n    <\/div>\n\n        \n    <div>\n    \n<div class=\"uk-panel uk-invisible\">\n\n    <figure class=\"uk-overlay uk-overlay-hover uk-border-rounded\">\n\n        <img loading=\"lazy\" decoding=\"async\" src=\"\/wp-content\/uploads\/fa0fccf2-c38b-4c4a-8065-adf35ce396b4.jpeg\" class=\"uk-overlay-scale\" width=\"716\" height=\"1600\">\n                <div class=\"uk-overlay-panel uk-overlay-background uk-overlay-fade\"><\/div>\n        \n        <div class=\"uk-overlay-panel uk-ignore uk-flex uk-flex-center uk-flex-middle uk-text-center\">\n            <div>\n\n                \n                \n                \n            <\/div>\n        <\/div>\n\n                                                        <a class=\"uk-position-cover\" href=\"\/wp-content\/uploads\/fa0fccf2-c38b-4c4a-8065-adf35ce396b4.jpeg\" data-lightbox-type=\"image\" data-uk-lightbox=\"{group:'.wk-1aa9'}\" ><\/a>\n                                    \n    <\/figure>\n\n<\/div>\n    <\/div>\n\n    \n<\/div>\n\n\n<script>\n    (function($){\n        \/\/ get the images of the gallery and replace it by a canvas of the same size to fix the problem with overlapping images on load.\n        $('.uk-overlay > img:first', $('#wk-gridaa9')).each(function() {\n\n            var $img = $(this),\n                $canvas = $('<canvas class=\"uk-responsive-width\"><\/canvas>').attr({width:$img.attr('width'), height:$img.attr('height')}),\n                img = new Image;\n\n            $img.css('display', 'none').after($canvas);\n\n            img.onload = function(){\n                $canvas.remove();\n                $img.css('display', '');\n            };\n\n            img.src = this.src;\n        });\n\n    })(jQuery);\n<\/script>\n\n","protected":false},"excerpt":{"rendered":"<p>Lamine Plank \u00fcr\u00fcnlerimizi a\u015fa\u011f\u0131da inceleyebilirsiniz. Sormak istedi\u011finiz t\u00fcm sorular\u0131n\u0131z i\u00e7in l\u00fctfen bizimle ileti\u015fime ge\u00e7iniz.<\/p>\n","protected":false},"author":1,"featured_media":0,"parent":0,"menu_order":0,"comment_status":"closed","ping_status":"closed","template":"","meta":{"footnotes":""},"class_list":["post-879","page","type-page","status-publish","hentry"],"_links":{"self":[{"href":"https:\/\/soykokparke.com\/index.php?rest_route=\/wp\/v2\/pages\/879","targetHints":{"allow":["GET"]}}],"collection":[{"href":"https:\/\/soykokparke.com\/index.php?rest_route=\/wp\/v2\/pages"}],"about":[{"href":"https:\/\/soykokparke.com\/index.php?rest_route=\/wp\/v2\/types\/page"}],"author":[{"embeddable":true,"href":"https:\/\/soykokparke.com\/index.php?rest_route=\/wp\/v2\/users\/1"}],"replies":[{"embeddable":true,"href":"https:\/\/soykokparke.com\/index.php?rest_route=%2Fwp%2Fv2%2Fcomments&post=879"}],"version-history":[{"count":2,"href":"https:\/\/soykokparke.com\/index.php?rest_route=\/wp\/v2\/pages\/879\/revisions"}],"predecessor-version":[{"id":1347,"href":"https:\/\/soykokparke.com\/index.php?rest_route=\/wp\/v2\/pages\/879\/revisions\/1347"}],"wp:attachment":[{"href":"https:\/\/soykokparke.com\/index.php?rest_route=%2Fwp%2Fv2%2Fmedia&parent=879"}],"curies":[{"name":"wp","href":"https:\/\/api.w.org\/{rel}","templated":true}]}}