{"id":875,"date":"2019-10-09T17:46:07","date_gmt":"2019-10-09T17:46:07","guid":{"rendered":"http:\/\/soykokparke.com\/?page_id=875"},"modified":"2019-10-16T21:46:23","modified_gmt":"2019-10-16T21:46:23","slug":"kesif","status":"publish","type":"page","link":"https:\/\/soykokparke.com\/?page_id=875","title":{"rendered":"KE\u015e\u0130F"},"content":{"rendered":"\n\n\n<div id=\"wk-grid725\" class=\"uk-grid-width-1-1 uk-grid uk-grid-match uk-text-center \" data-uk-grid-match=\"{target:'> div > .uk-panel', row:true}\" data-uk-grid-margin  data-uk-scrollspy=\"{cls:'uk-animation-fade uk-invisible', target:'> div > .uk-panel', delay:300}\">\n\n\n    <div>\n        <div class=\"uk-panel uk-invisible\">\n\n            \n            \n                        <div class=\"uk-text-center uk-margin uk-margin-top-remove\"><img loading=\"lazy\" decoding=\"async\" src=\"\/wp-content\/uploads\/kesif_logo_mini.png\" class=\" uk-overlay-scale\" alt=\"\u00dccretsiz Ke\u015fif !\" width=\"210\" height=\"210\"><\/div>\n            \n            \n                        <h3 class=\"uk-h2 uk-margin-top-remove\">\n\n                                    \u00dccretsiz Ke\u015fif !                \n                \n            <\/h3>\n            \n            \n            \n                        <div class=\"uk-margin\"><p class=\"uk-margin-large-bottom\">T\u00fcm parke ihtiya\u00e7lar\u0131n\u0131zda, uzman ekiplerimiz ile h\u0131zl\u0131 ve \u00fccretsiz ke\u015fif hizmeti sunuyoruz.<br class=\"uk-hidden-small\"> Ke\u015fif sonras\u0131nda size en uygun laminat, lamine, deck, masif, s\u00fcp\u00fcrgelik \u00fcr\u00fcnlerini i\u00e7eren \u00e7\u00f6z\u00fcmlerimizi payla\u015f\u0131yor ve projelendiriyoruz. <\/p><\/div>\n            \n            \n            \n            \n        <\/div>\n    <\/div>\n\n\n<\/div>\n\n<script>\n    (function($){\n        \/\/ get the images of the grid and replace it by a canvas of the same size to fix the problem with overlapping images on load.\n        $('img:first', $('#wk-grid725')).each(function() {\n            var $img = $(this),\n                $canvas = $('<canvas class=\"uk-responsive-width\"><\/canvas>').attr({width:$img.attr('width'), height:$img.attr('height')}),\n                img = new Image;\n\n            $img.css('display', 'none').after($canvas);\n\n            img.onload = function(){\n                $canvas.remove();\n                $img.css('display', '');\n            };\n\n            img.src = this.src;\n        });\n\n    })(jQuery);\n<\/script>\n\n\n\n\n\n\n<div id=\"wk-grida8c\" class=\"uk-grid-width-1-1 uk-grid-width-medium-1-3 uk-grid-width-large-1-3 uk-grid-width-xlarge-1-3 uk-grid uk-grid-match uk-text-left \" data-uk-grid-match=\"{target:'> div > .uk-panel', row:true}\" data-uk-grid-margin >\n\n\n    <div>\n        <div class=\"uk-panel\">\n\n            \n            \n            \n            \n            \n            \n            \n                        <div class=\"uk-margin\"><ul class=\"uk-list uk-list-space\">\n    <li><i class=\"uk-icon uk-icon-check\"><\/i> \u00dccretsiz ke\u015fif hizmeti<\/li>\n    <li><i class=\"uk-icon uk-icon-check\"><\/i> Uzman ekipler e\u015fli\u011finde ke\u015fif<\/li>\n<\/ul><\/div>\n            \n            \n            \n            \n        <\/div>\n    <\/div>\n\n\n    <div>\n        <div class=\"uk-panel\">\n\n            \n            \n            \n            \n            \n            \n            \n                        <div class=\"uk-margin\"><ul class=\"uk-list uk-list-space\">\n    <li><i class=\"uk-icon uk-icon-check\"><\/i> \u0130htiyac\u0131n\u0131za en uygun \u00fcr\u00fcn\u00fc belirleme<\/li>\n    <li><i class=\"uk-icon uk-icon-check\"><\/i> Farkl\u0131 tasar\u0131m ve maliyet se\u00e7enekleri<\/li>\n<\/ul><\/div>\n            \n            \n            \n            \n        <\/div>\n    <\/div>\n\n\n    <div>\n        <div class=\"uk-panel\">\n\n            \n            \n            \n            \n            \n            \n            \n                        <div class=\"uk-margin\"><ul class=\"uk-list uk-list-space\">\n    <li><i class=\"uk-icon uk-icon-check\"><\/i> Yerinde h\u0131zl\u0131 \u00e7\u00f6z\u00fcmler<\/li>\n    <li><i class=\"uk-icon uk-icon-check\"><\/i> Y\u00fcksek m\u00fc\u015fteri memnuniyeti<\/li>\n<\/ul><\/div>\n            \n            \n            \n            \n        <\/div>\n    <\/div>\n\n\n<\/div>\n\n<script>\n    (function($){\n        \/\/ get the images of the grid and replace it by a canvas of the same size to fix the problem with overlapping images on load.\n        $('img:first', $('#wk-grida8c')).each(function() {\n            var $img = $(this),\n                $canvas = $('<canvas class=\"uk-responsive-width\"><\/canvas>').attr({width:$img.attr('width'), height:$img.attr('height')}),\n                img = new Image;\n\n            $img.css('display', 'none').after($canvas);\n\n            img.onload = function(){\n                $canvas.remove();\n                $img.css('display', '');\n            };\n\n            img.src = this.src;\n        });\n\n    })(jQuery);\n<\/script>\n\n","protected":false},"excerpt":{"rendered":"","protected":false},"author":1,"featured_media":0,"parent":0,"menu_order":0,"comment_status":"closed","ping_status":"closed","template":"","meta":{"footnotes":""},"class_list":["post-875","page","type-page","status-publish","hentry"],"_links":{"self":[{"href":"https:\/\/soykokparke.com\/index.php?rest_route=\/wp\/v2\/pages\/875","targetHints":{"allow":["GET"]}}],"collection":[{"href":"https:\/\/soykokparke.com\/index.php?rest_route=\/wp\/v2\/pages"}],"about":[{"href":"https:\/\/soykokparke.com\/index.php?rest_route=\/wp\/v2\/types\/page"}],"author":[{"embeddable":true,"href":"https:\/\/soykokparke.com\/index.php?rest_route=\/wp\/v2\/users\/1"}],"replies":[{"embeddable":true,"href":"https:\/\/soykokparke.com\/index.php?rest_route=%2Fwp%2Fv2%2Fcomments&post=875"}],"version-history":[{"count":0,"href":"https:\/\/soykokparke.com\/index.php?rest_route=\/wp\/v2\/pages\/875\/revisions"}],"wp:attachment":[{"href":"https:\/\/soykokparke.com\/index.php?rest_route=%2Fwp%2Fv2%2Fmedia&parent=875"}],"curies":[{"name":"wp","href":"https:\/\/api.w.org\/{rel}","templated":true}]}}