{"id":873,"date":"2019-10-09T17:45:40","date_gmt":"2019-10-09T17:45:40","guid":{"rendered":"http:\/\/soykokparke.com\/?page_id=873"},"modified":"2019-10-17T23:21:31","modified_gmt":"2019-10-17T23:21:31","slug":"referanslarimiz","status":"publish","type":"page","link":"https:\/\/soykokparke.com\/?page_id=873","title":{"rendered":"REFERANSLARIMIZ"},"content":{"rendered":"\n<p>BAZI REFERANSLARIMIZ <br>\n\n<div id=\"wk-grid954\" class=\"uk-grid-width-1-2 uk-grid-width-large-1-4 uk-grid-width-xlarge-1-4 uk-grid uk-grid-match uk-text-center \" data-uk-grid-match=\"{target:'> div > .uk-panel', row:true}\" data-uk-grid-margin  data-uk-scrollspy=\"{cls:'uk-animation-scale-up uk-invisible', target:'> div > .uk-panel', delay:300}\">\n\n\n    <div>\n        <div class=\"uk-panel uk-panel-box uk-panel-box-primary uk-invisible\">\n\n            \n            \n            \n            \n            \n            \n                        <div class=\"uk-margin uk-text-center\"><img loading=\"lazy\" decoding=\"async\" src=\"\/wp-content\/uploads\/agaoglu.png\" class=\" uk-overlay-scale\" alt=\"Agaoglu\" width=\"300\" height=\"115\"><\/div>\n            \n            \n            \n            \n            \n        <\/div>\n    <\/div>\n\n\n    <div>\n        <div class=\"uk-panel uk-panel-box uk-panel-box-primary uk-invisible\">\n\n            \n            \n            \n            \n            \n            \n                        <div class=\"uk-margin uk-text-center\"><img loading=\"lazy\" decoding=\"async\" src=\"\/wp-content\/uploads\/logo-green-park-green.png\" class=\" uk-overlay-scale\" alt=\"GreenPark\" width=\"585\" height=\"150\"><\/div>\n            \n            \n            \n            \n            \n        <\/div>\n    <\/div>\n\n\n    <div>\n        <div class=\"uk-panel uk-panel-box uk-panel-box-primary uk-invisible\">\n\n            \n            \n            \n            \n            \n            \n                        <div class=\"uk-margin uk-text-center\"><img loading=\"lazy\" decoding=\"async\" src=\"\/wp-content\/uploads\/logo-suzer.png\" class=\" uk-overlay-scale\" alt=\"S\u00fczer\" width=\"340\" height=\"130\"><\/div>\n            \n            \n            \n            \n            \n        <\/div>\n    <\/div>\n\n\n    <div>\n        <div class=\"uk-panel uk-panel-box uk-panel-box-primary uk-invisible\">\n\n            \n            \n            \n            \n            \n            \n                        <div class=\"uk-margin uk-text-center\"><img loading=\"lazy\" decoding=\"async\" src=\"\/wp-content\/uploads\/logov.png\" class=\" uk-overlay-scale\" alt=\"homecity\" width=\"2246\" height=\"1245\"><\/div>\n            \n            \n            \n            \n            \n        <\/div>\n    <\/div>\n\n\n    <div>\n        <div class=\"uk-panel uk-panel-box uk-panel-box-primary uk-invisible\">\n\n            \n            \n            \n            \n            \n            \n                        <div class=\"uk-margin uk-text-center\"><img loading=\"lazy\" decoding=\"async\" src=\"\/wp-content\/uploads\/divan_otel.jpg\" class=\" uk-overlay-scale\" alt=\"DivanOtel\" width=\"170\" height=\"170\"><\/div>\n            \n            \n            \n            \n            \n        <\/div>\n    <\/div>\n\n\n    <div>\n        <div class=\"uk-panel uk-panel-box uk-panel-box-primary uk-invisible\">\n\n            \n            \n            \n            \n            \n            \n                        <div class=\"uk-margin uk-text-center\"><img loading=\"lazy\" decoding=\"async\" src=\"\/wp-content\/uploads\/toscana_logo.png\" class=\" uk-overlay-scale\" alt=\"Toscana Village\" width=\"1024\" height=\"512\"><\/div>\n            \n            \n            \n            \n            \n        <\/div>\n    <\/div>\n\n\n    <div>\n        <div class=\"uk-panel uk-panel-box uk-panel-box-primary uk-invisible\">\n\n            \n            \n            \n            \n            \n            \n                        <div class=\"uk-margin uk-text-center\"><img loading=\"lazy\" decoding=\"async\" src=\"\/wp-content\/uploads\/oskayinsaat.png\" class=\" uk-overlay-scale\" alt=\"Oskay Yap\u0131\" width=\"200\" height=\"200\"><\/div>\n            \n            \n            \n            \n            \n        <\/div>\n    <\/div>\n\n\n    <div>\n        <div class=\"uk-panel uk-panel-box uk-panel-box-primary uk-invisible\">\n\n            \n            \n            \n            \n            \n            \n                        <div class=\"uk-margin uk-text-center\"><img loading=\"lazy\" decoding=\"async\" src=\"\/wp-content\/uploads\/sile_yildirim.png\" class=\" uk-overlay-scale\" alt=\"\u015eile Y\u0131ld\u0131r\u0131m\" width=\"250\" height=\"202\"><\/div>\n            \n            \n            \n            \n            \n        <\/div>\n    <\/div>\n\n\n    <div>\n        <div class=\"uk-panel uk-panel-box uk-panel-box-primary uk-invisible\">\n\n            \n            \n            \n            \n            \n            \n                        <div class=\"uk-margin uk-text-center\"><img loading=\"lazy\" decoding=\"async\" src=\"\/wp-content\/uploads\/yasininsaat.png\" class=\" uk-overlay-scale\" alt=\"Yasin \u0130nsaat\" width=\"200\" height=\"200\"><\/div>\n            \n            \n            \n            \n            \n        <\/div>\n    <\/div>\n\n\n    <div>\n        <div class=\"uk-panel uk-panel-box uk-panel-box-primary uk-invisible\">\n\n            \n            \n            \n            \n            \n            \n                        <div class=\"uk-margin uk-text-center\"><img loading=\"lazy\" decoding=\"async\" src=\"\/wp-content\/uploads\/Gizlivadisile.png\" class=\" uk-overlay-scale\" alt=\"Gizli Vadi \u015eile\" width=\"200\" height=\"200\"><\/div>\n            \n            \n            \n            \n            \n        <\/div>\n    <\/div>\n\n\n    <div>\n        <div class=\"uk-panel uk-panel-box uk-panel-box-primary uk-invisible\">\n\n            \n            \n            \n            \n            \n            \n                        <div class=\"uk-margin uk-text-center\"><img loading=\"lazy\" decoding=\"async\" src=\"\/wp-content\/uploads\/albayrak_logo.png\" class=\" uk-overlay-scale\" alt=\"Albayrak \u0130n\u015faat\" width=\"245\" height=\"35\"><\/div>\n            \n            \n            \n            \n            \n        <\/div>\n    <\/div>\n\n\n<\/div>\n\n<script>\n    (function($){\n        \/\/ get the images of the grid and replace it by a canvas of the same size to fix the problem with overlapping images on load.\n        $('img:first', $('#wk-grid954')).each(function() {\n            var $img = $(this),\n                $canvas = $('<canvas class=\"uk-responsive-width\"><\/canvas>').attr({width:$img.attr('width'), height:$img.attr('height')}),\n                img = new Image;\n\n            $img.css('display', 'none').after($canvas);\n\n            img.onload = function(){\n                $canvas.remove();\n                $img.css('display', '');\n            };\n\n            img.src = this.src;\n        });\n\n    })(jQuery);\n<\/script>\n <\/p>\n","protected":false},"excerpt":{"rendered":"<p>BAZI REFERANSLARIMIZ<\/p>\n","protected":false},"author":1,"featured_media":0,"parent":0,"menu_order":0,"comment_status":"closed","ping_status":"closed","template":"","meta":{"footnotes":""},"class_list":["post-873","page","type-page","status-publish","hentry"],"_links":{"self":[{"href":"https:\/\/soykokparke.com\/index.php?rest_route=\/wp\/v2\/pages\/873","targetHints":{"allow":["GET"]}}],"collection":[{"href":"https:\/\/soykokparke.com\/index.php?rest_route=\/wp\/v2\/pages"}],"about":[{"href":"https:\/\/soykokparke.com\/index.php?rest_route=\/wp\/v2\/types\/page"}],"author":[{"embeddable":true,"href":"https:\/\/soykokparke.com\/index.php?rest_route=\/wp\/v2\/users\/1"}],"replies":[{"embeddable":true,"href":"https:\/\/soykokparke.com\/index.php?rest_route=%2Fwp%2Fv2%2Fcomments&post=873"}],"version-history":[{"count":0,"href":"https:\/\/soykokparke.com\/index.php?rest_route=\/wp\/v2\/pages\/873\/revisions"}],"wp:attachment":[{"href":"https:\/\/soykokparke.com\/index.php?rest_route=%2Fwp%2Fv2%2Fmedia&parent=873"}],"curies":[{"name":"wp","href":"https:\/\/api.w.org\/{rel}","templated":true}]}}