{"id":871,"date":"2019-10-09T17:45:03","date_gmt":"2019-10-09T17:45:03","guid":{"rendered":"http:\/\/soykokparke.com\/?page_id=871"},"modified":"2019-10-15T21:19:19","modified_gmt":"2019-10-15T21:19:19","slug":"hizmetlerimiz","status":"publish","type":"page","link":"https:\/\/soykokparke.com\/?page_id=871","title":{"rendered":"H\u0130ZMETLER\u0130M\u0130Z"},"content":{"rendered":"\n\n<div  data-uk-scrollspy=\"{target:'> div > [data-uk-scrollspy-cls]', delay:300}\">\n\n\n    \n    <div class=\"uk-grid uk-text-left uk-flex-middle\" data-uk-grid-match data-uk-margin=\"{cls:'uk-margin-top'}\">\n\n                <div class=\"uk-width-medium-1-2 uk-text-center uk-float-right uk-flex-order-last-medium uk-invisible\"  data-uk-scrollspy-cls=\"uk-animation-slide-right uk-invisible\">\n            <img decoding=\"async\" src=\"\/wp-content\/uploads\/mesure.png\" class=\" uk-overlay-scale\" alt=\"KE\u015e\u0130F\">        <\/div>\n        \n                <div class=\"uk-width-medium-1-2 uk-invisible\"  data-uk-scrollspy-cls=\"uk-animation-slide-left uk-invisible\">\n            <div class=\"uk-panel uk-width-1-1\">\n\n                \n                                <h3 class=\"uk-h2\">\n\n                                            KE\u015e\u0130F                    \n                    \n                <\/h3>\n                \n                                <div class=\"uk-margin\"><p>T\u00fcm <strong>parke<\/strong>, <strong>docking<\/strong>, <strong>masif<\/strong>, <strong>bak\u0131m onar\u0131m<\/strong> ihtiya\u00e7lar\u0131n\u0131zda; tamamen <strong>\u00fccretsiz<\/strong> olarak yerinde <strong>ke\u015fif<\/strong> yap\u0131yoruz. <strong>Ke\u015fif<\/strong> sonras\u0131nda sizlerle en uygun \u00e7\u00f6z\u00fcm \u00f6nerilerimizi <strong>payla\u015f\u0131yoruz<\/strong>. <strong>B\u00fct\u00e7enize<\/strong>, zevkinize g\u00f6re <strong>tercihi<\/strong> size b\u0131rak\u0131yoruz.<\/p><\/div>\n                \n                \n                \n            <\/div>\n        <\/div>\n        \n    <\/div>\n\n    <hr class=\"uk-grid-divider \">\n\n    \n    <div class=\"uk-grid uk-text-left uk-flex-middle\" data-uk-grid-match data-uk-margin=\"{cls:'uk-margin-top'}\">\n\n                <div class=\"uk-width-medium-1-2 uk-text-center uk-invisible\"  data-uk-scrollspy-cls=\"uk-animation-slide-left uk-invisible\">\n            <img decoding=\"async\" src=\"\/wp-content\/uploads\/laminate_floor-e1571176392109.png\" class=\" uk-overlay-scale\" alt=\"LAM\u0130NAT PARKE\">        <\/div>\n        \n                <div class=\"uk-width-medium-1-2 uk-invisible\"  data-uk-scrollspy-cls=\"uk-animation-slide-right uk-invisible\">\n            <div class=\"uk-panel uk-width-1-1\">\n\n                \n                                <h3 class=\"uk-h2\">\n\n                                            LAM\u0130NAT PARKE                    \n                    \n                <\/h3>\n                \n                                <div class=\"uk-margin\"><p>Birbirinden <strong>kaliteli<\/strong> laminat parkelerimiz <strong>8mm<\/strong>, <strong>10mm<\/strong> ve <strong>12mm<\/strong> olarak kategorize edilmektedir. S\u0131k tercih edilen \u00fcr\u00fcn, ayn\u0131 zamanda kendi markam\u0131z olan <strong>POINT<\/strong> parke \u00fcr\u00fcnleridir. <strong>Suya, \u0131s\u0131ya ve neme dayan\u0131kl\u0131<\/strong> olarak \u00fcretilen bu laminat parkelerimizi uzun y\u0131llar boyunca  <strong>g\u00f6n\u00fcl rahatl\u0131\u011f\u0131<\/strong> ile kullanabilirsiniz. T\u00fcm laminat parke \u00fcr\u00fcnlerimiz i\u00e7in <a href=\"http:\/\/soykokparke.com\/?page_id=877\">t\u0131klay\u0131n! <\/a> <\/p><\/div>\n                \n                \n                \n            <\/div>\n        <\/div>\n        \n    <\/div>\n\n    <hr class=\"uk-grid-divider \">\n\n    \n    <div class=\"uk-grid uk-text-left uk-flex-middle\" data-uk-grid-match data-uk-margin=\"{cls:'uk-margin-top'}\">\n\n                <div class=\"uk-width-medium-1-2 uk-text-center uk-float-right uk-flex-order-last-medium uk-invisible\"  data-uk-scrollspy-cls=\"uk-animation-slide-right uk-invisible\">\n            <img decoding=\"async\" src=\"\/wp-content\/uploads\/lamine-g%C3%B6rsel.jpg\" class=\" uk-overlay-scale\" alt=\"LAM\u0130NE PARKE\">        <\/div>\n        \n                <div class=\"uk-width-medium-1-2 uk-invisible\"  data-uk-scrollspy-cls=\"uk-animation-slide-left uk-invisible\">\n            <div class=\"uk-panel uk-width-1-1\">\n\n                \n                                <h3 class=\"uk-h2\">\n\n                                            LAM\u0130NE PARKE                    \n                    \n                <\/h3>\n                \n                                <div class=\"uk-margin\"><p><strong>Lamine parkede<\/strong> de \u00e7e\u015fitli modeller ve ile hizmetinizdeyiz. <strong>Kendi markam\u0131z<\/strong> olan <strong>POINT<\/strong> ile parke \u00e7\u00f6z\u00fcmlerine yeni bir soluk kat\u0131yoruz. \u0130leti\u015fim formu veya ileti\u015fim numaralar\u0131m\u0131zdan <strong>bize ula\u015fabilirsiniz<\/strong>. T\u00fcm lamine parke \u00fcr\u00fcnlerimiz i\u00e7in <a href=\"http:\/\/soykokparke.com\/?page_id=879\">t\u0131klay\u0131n! <\/a> <\/p><\/div>\n                \n                \n                \n            <\/div>\n        <\/div>\n        \n    <\/div>\n\n    <hr class=\"uk-grid-divider \">\n\n    \n    <div class=\"uk-grid uk-text-left uk-flex-middle\" data-uk-grid-match data-uk-margin=\"{cls:'uk-margin-top'}\">\n\n                <div class=\"uk-width-medium-1-2 uk-text-center uk-invisible\"  data-uk-scrollspy-cls=\"uk-animation-slide-left uk-invisible\">\n            <img decoding=\"async\" src=\"\/wp-content\/uploads\/decking-floor.png\" class=\" uk-overlay-scale\" alt=\"MAS\u0130F \/ DECK\">        <\/div>\n        \n                <div class=\"uk-width-medium-1-2 uk-invisible\"  data-uk-scrollspy-cls=\"uk-animation-slide-right uk-invisible\">\n            <div class=\"uk-panel uk-width-1-1\">\n\n                \n                                <h3 class=\"uk-h2\">\n\n                                            MAS\u0130F \/ DECK                    \n                    \n                <\/h3>\n                \n                                <div class=\"uk-margin\"><p><strong>Havuz kenar\u0131<\/strong> ve \u00e7evresinde zevkinize g\u00f6re dizayn edilmi\u015f <strong>decking sistemleri<\/strong>, kaliteli malzeme ve uzman ekiplerimiz ile uygulan\u0131r, <strong>k\u0131sa s\u00fcrede<\/strong> taraf\u0131n\u0131za teslim edilir. <strong>\u0130leti\u015fim formu\/bilgileri <\/strong>i\u00e7in <a href=\"http:\/\/soykokparke.com\/?page_id=895\">t\u0131kay\u0131n!<\/a> <\/p><\/div>\n                \n                \n                \n            <\/div>\n        <\/div>\n        \n    <\/div>\n\n    <hr class=\"uk-grid-divider \">\n\n    \n    <div class=\"uk-grid uk-text-left uk-flex-middle\" data-uk-grid-match data-uk-margin=\"{cls:'uk-margin-top'}\">\n\n                <div class=\"uk-width-medium-1-2 uk-text-center uk-float-right uk-flex-order-last-medium uk-invisible\"  data-uk-scrollspy-cls=\"uk-animation-slide-right uk-invisible\">\n            <img decoding=\"async\" src=\"\/wp-content\/uploads\/Maintenance-e1571178013733.png\" class=\" uk-overlay-scale\" alt=\"BAKIM \/ ONARIM\">        <\/div>\n        \n                <div class=\"uk-width-medium-1-2 uk-invisible\"  data-uk-scrollspy-cls=\"uk-animation-slide-left uk-invisible\">\n            <div class=\"uk-panel uk-width-1-1\">\n\n                \n                                <h3 class=\"uk-h2\">\n\n                                            BAKIM \/ ONARIM                    \n                    \n                <\/h3>\n                \n                                <div class=\"uk-margin\"><p>T\u00fcm parke, deck sismlerinizin bak\u0131m ve onar\u0131m\u0131n\u0131 uzman kadromuz ile yap\u0131yor ve ilk g\u00fcn ki yenili\u011fine kavu\u015fturuyoruz. \u00dcstelik \u00e7ok uygun maliyetler ile. \u0130leti\u015fime ge\u00e7mek i\u00e7in <a href=\"http:\/\/soykokparke.com\/?page_id=895\">t\u0131klay\u0131n!<\/a>  \n<\/p><\/div>\n                \n                \n                \n            <\/div>\n        <\/div>\n        \n    <\/div>\n\n    <hr class=\"uk-grid-divider \">\n\n    \n    <div class=\"uk-grid uk-text-left uk-flex-middle\" data-uk-grid-match data-uk-margin=\"{cls:'uk-margin-top'}\">\n\n                <div class=\"uk-width-medium-1-2 uk-text-center uk-invisible\"  data-uk-scrollspy-cls=\"uk-animation-slide-left uk-invisible\">\n            <img decoding=\"async\" src=\"\/wp-content\/uploads\/supurgelik.png\" class=\" uk-overlay-scale\" alt=\"S\u00dcP\u00dcRGEL\u0130K\">        <\/div>\n        \n                <div class=\"uk-width-medium-1-2 uk-invisible\"  data-uk-scrollspy-cls=\"uk-animation-slide-right uk-invisible\">\n            <div class=\"uk-panel uk-width-1-1\">\n\n                \n                                <h3 class=\"uk-h2\">\n\n                                            S\u00dcP\u00dcRGEL\u0130K                    \n                    \n                <\/h3>\n                \n                                <div class=\"uk-margin\"> <p>\n     Zemin kaplaman\u0131za uygun, <strong>lake \/ Masif<\/strong> haz\u0131r yada <strong>\u00f6zel \u00fcretim<\/strong> s\u00fcp\u00fcrgeliklerimizle hizmet veriyoruz.\n<\/p> <\/div>\n                \n                \n                \n            <\/div>\n        <\/div>\n        \n    <\/div>\n\n    \n\n<\/div>\n\n","protected":false},"excerpt":{"rendered":"","protected":false},"author":1,"featured_media":0,"parent":0,"menu_order":0,"comment_status":"closed","ping_status":"closed","template":"","meta":{"footnotes":""},"class_list":["post-871","page","type-page","status-publish","hentry"],"_links":{"self":[{"href":"https:\/\/soykokparke.com\/index.php?rest_route=\/wp\/v2\/pages\/871","targetHints":{"allow":["GET"]}}],"collection":[{"href":"https:\/\/soykokparke.com\/index.php?rest_route=\/wp\/v2\/pages"}],"about":[{"href":"https:\/\/soykokparke.com\/index.php?rest_route=\/wp\/v2\/types\/page"}],"author":[{"embeddable":true,"href":"https:\/\/soykokparke.com\/index.php?rest_route=\/wp\/v2\/users\/1"}],"replies":[{"embeddable":true,"href":"https:\/\/soykokparke.com\/index.php?rest_route=%2Fwp%2Fv2%2Fcomments&post=871"}],"version-history":[{"count":0,"href":"https:\/\/soykokparke.com\/index.php?rest_route=\/wp\/v2\/pages\/871\/revisions"}],"wp:attachment":[{"href":"https:\/\/soykokparke.com\/index.php?rest_route=%2Fwp%2Fv2%2Fmedia&parent=871"}],"curies":[{"name":"wp","href":"https:\/\/api.w.org\/{rel}","templated":true}]}}