{"id":1373,"date":"2023-11-21T13:42:30","date_gmt":"2023-11-21T13:42:30","guid":{"rendered":"https:\/\/soykokparke.com\/?page_id=1373"},"modified":"2023-11-21T13:42:30","modified_gmt":"2023-11-21T13:42:30","slug":"hakkimizda","status":"publish","type":"page","link":"https:\/\/soykokparke.com\/?page_id=1373","title":{"rendered":"HAKKIMIZDA"},"content":{"rendered":"\n\n\n<div id=\"wk-gridc2b\" class=\"uk-grid-width-1-1 uk-grid uk-grid-match uk-text-left \" data-uk-grid-match=\"{target:'> div > .uk-panel', row:true}\" data-uk-grid-margin  data-uk-scrollspy=\"{cls:'uk-animation-fade uk-invisible', target:'> div > .uk-panel', delay:300}\">\n\n\n    <div>\n        <div class=\"uk-panel uk-invisible\">\n\n            \n            \n                        <div class=\"uk-text-center uk-panel-teaser\"><img decoding=\"async\" src=\"\/wp-content\/uploads\/soyk%C3%B6k-parke-orj-logo-yeni_.jpg\" class=\" uk-overlay-scale\" alt=\"Hakk\u0131m\u0131zda\"><\/div>\n            \n            \n                        <h3 class=\"uk-panel-title\">\n\n                                    Hakk\u0131m\u0131zda                \n                \n            <\/h3>\n            \n            \n            \n                        <div class=\"uk-margin\">Soyk\u00f6k  Parke San.ve D\u0131\u015f Ticaret  olarak 1996 y\u0131l\u0131ndan bu yana faaliyette olup, ki\u015fiye ve projeye istenilen renk ve ebatlarda \u00f6zel lamine parke \u00fcretimi yap\u0131labilmektedir.Ayn\u0131 zamanda Avrupa dan  lamine  parke ithalat\u0131n\u0131  ger\u00e7ekle\u015ftirmekteyiz. 1200\u2019den fazla renk \u00e7e\u015fidimizle T\u00fcrkiye\u2019nin en b\u00fcy\u00fck \u00fcr\u00fcn \u00e7e\u015fitlili\u011fine sahip lamine parke \u00fcretici firmas\u0131y\u0131z.<br><br>\n\n\u00dcr\u00fcnlerimiz tamamen do\u011fal ah\u015fap olup, tamamen el i\u015f\u00e7ili\u011fi ile \u0130stanbul Sultanbeyli\u2019deki \u00fcretim tesislerimizde \u00fcretilmekte, t\u00fcm T\u00fcrkiye\u2019ye ve d\u00fcnyan\u0131n \u00e7e\u015fitli \u00fclkelerine sat\u0131lmaktad\u0131r. Soyk\u00f6k Parke olarak \u00fcretti\u011fimiz lamine parkelerin tamam\u0131 1. s\u0131n\u0131f olup, d\u00fcnyan\u0131n en \u00fcnl\u00fc parke \u00fcretici firmalar\u0131yla rahatl\u0131kla rekabet edebilecek d\u00fczeydedir. \u00dcr\u00fcn Gruplar\u0131m\u0131z aras\u0131nda Mark\u00fcteri , Bal\u0131ks\u0131rt\u0131 , Macar ,ve Plank \u00fcretimlerini yapmaktay\u0131z. Kullan\u0131lan \u00fcr\u00fcn hammadde olarak Standart \u00fcretimiz  \u0130thal Hu\u015f marin kontra \u00fczerine marin tutkal ile so\u011fuk pres yap\u0131larak \u00fcretilmemektedir. Y\u00fczey i\u015flemlerinde kulland\u0131\u011f\u0131m\u0131z koruyucular \u0130talyan borma veya Alman Heidenberk markal\u0131 \u00fcr\u00fcnler ile \u00fcretim yap\u0131lmaktad\u0131r.<br><br>\n\n<a href=\"https:\/\/www.instagram.com\/soykokparke\/\" target=\"_blank\">Bizi Instagram&#8217;da Takip Edin<\/a>\n<\/div>\n            \n            \n            \n            \n        <\/div>\n    <\/div>\n\n\n<\/div>\n\n<script>\n    (function($){\n        \/\/ get the images of the grid and replace it by a canvas of the same size to fix the problem with overlapping images on load.\n        $('img:first', $('#wk-gridc2b')).each(function() {\n            var $img = $(this),\n                $canvas = $('<canvas class=\"uk-responsive-width\"><\/canvas>').attr({width:$img.attr('width'), height:$img.attr('height')}),\n                img = new Image;\n\n            $img.css('display', 'none').after($canvas);\n\n            img.onload = function(){\n                $canvas.remove();\n                $img.css('display', '');\n            };\n\n            img.src = this.src;\n        });\n\n    })(jQuery);\n<\/script>\n\n","protected":false},"excerpt":{"rendered":"","protected":false},"author":1,"featured_media":0,"parent":0,"menu_order":0,"comment_status":"closed","ping_status":"closed","template":"","meta":{"footnotes":""},"class_list":["post-1373","page","type-page","status-publish","hentry"],"_links":{"self":[{"href":"https:\/\/soykokparke.com\/index.php?rest_route=\/wp\/v2\/pages\/1373","targetHints":{"allow":["GET"]}}],"collection":[{"href":"https:\/\/soykokparke.com\/index.php?rest_route=\/wp\/v2\/pages"}],"about":[{"href":"https:\/\/soykokparke.com\/index.php?rest_route=\/wp\/v2\/types\/page"}],"author":[{"embeddable":true,"href":"https:\/\/soykokparke.com\/index.php?rest_route=\/wp\/v2\/users\/1"}],"replies":[{"embeddable":true,"href":"https:\/\/soykokparke.com\/index.php?rest_route=%2Fwp%2Fv2%2Fcomments&post=1373"}],"version-history":[{"count":2,"href":"https:\/\/soykokparke.com\/index.php?rest_route=\/wp\/v2\/pages\/1373\/revisions"}],"predecessor-version":[{"id":1375,"href":"https:\/\/soykokparke.com\/index.php?rest_route=\/wp\/v2\/pages\/1373\/revisions\/1375"}],"wp:attachment":[{"href":"https:\/\/soykokparke.com\/index.php?rest_route=%2Fwp%2Fv2%2Fmedia&parent=1373"}],"curies":[{"name":"wp","href":"https:\/\/api.w.org\/{rel}","templated":true}]}}