{"id":1368,"date":"2023-11-21T13:27:28","date_gmt":"2023-11-21T13:27:28","guid":{"rendered":"https:\/\/soykokparke.com\/?page_id=1368"},"modified":"2023-11-21T13:28:11","modified_gmt":"2023-11-21T13:28:11","slug":"lamine-macar-2","status":"publish","type":"page","link":"https:\/\/soykokparke.com\/?page_id=1368","title":{"rendered":"LAM\u0130NE MACAR"},"content":{"rendered":"\n<p>Lamine Macar \u00fcr\u00fcnlerimizi a\u015fa\u011f\u0131da inceleyebilirsiniz. Sormak istedi\u011finiz t\u00fcm sorular\u0131n\u0131z i\u00e7in l\u00fctfen bizimle ileti\u015fime ge\u00e7iniz.<\/p>\n\n\n\n\n\n<div id=\"wk-grid3f3\" class=\"uk-grid-width-1-1 uk-grid-width-small-1-2 uk-grid-width-medium-1-2 uk-grid-width-large-1-4 uk-grid-width-xlarge-1-4 tm-overlay-lykka\" data-uk-grid=\"{gutter: ' 15'}\"  data-uk-scrollspy=\"{cls:'uk-animation-scale-up uk-invisible', target:'> div > .uk-panel', delay:300}\">\n\n    \n    <div>\n    \n<div class=\"uk-panel uk-invisible\">\n\n    <figure class=\"uk-overlay uk-overlay-hover uk-border-rounded\">\n\n        <img loading=\"lazy\" decoding=\"async\" src=\"\/wp-content\/uploads\/0b80ffbf-2754-489a-bc54-e31566b6a6c5.jpeg\" class=\"uk-overlay-scale\" width=\"716\" height=\"1600\">\n                <div class=\"uk-overlay-panel uk-overlay-background uk-overlay-fade\"><\/div>\n        \n        <div class=\"uk-overlay-panel uk-ignore uk-flex uk-flex-center uk-flex-middle uk-text-center\">\n            <div>\n\n                \n                \n                \n            <\/div>\n        <\/div>\n\n                                                        <a class=\"uk-position-cover\" href=\"\/wp-content\/uploads\/0b80ffbf-2754-489a-bc54-e31566b6a6c5.jpeg\" data-lightbox-type=\"image\" data-uk-lightbox=\"{group:'.wk-13f3'}\" ><\/a>\n                                    \n    <\/figure>\n\n<\/div>\n    <\/div>\n\n        \n    <div>\n    \n<div class=\"uk-panel uk-invisible\">\n\n    <figure class=\"uk-overlay uk-overlay-hover uk-border-rounded\">\n\n        <img loading=\"lazy\" decoding=\"async\" src=\"\/wp-content\/uploads\/0d618541-1c2a-4318-964b-c5868671e78f.jpeg\" class=\"uk-overlay-scale\" width=\"921\" height=\"2048\">\n                <div class=\"uk-overlay-panel uk-overlay-background uk-overlay-fade\"><\/div>\n        \n        <div class=\"uk-overlay-panel uk-ignore uk-flex uk-flex-center uk-flex-middle uk-text-center\">\n            <div>\n\n                \n                \n                \n            <\/div>\n        <\/div>\n\n                                                        <a class=\"uk-position-cover\" href=\"\/wp-content\/uploads\/0d618541-1c2a-4318-964b-c5868671e78f.jpeg\" data-lightbox-type=\"image\" data-uk-lightbox=\"{group:'.wk-13f3'}\" ><\/a>\n                                    \n    <\/figure>\n\n<\/div>\n    <\/div>\n\n        \n    <div>\n    \n<div class=\"uk-panel uk-invisible\">\n\n    <figure class=\"uk-overlay uk-overlay-hover uk-border-rounded\">\n\n        <img loading=\"lazy\" decoding=\"async\" src=\"\/wp-content\/uploads\/1be8d0a0-9e02-457d-b689-fb00d62f9689.jpeg\" class=\"uk-overlay-scale\" width=\"921\" height=\"2048\">\n                <div class=\"uk-overlay-panel uk-overlay-background uk-overlay-fade\"><\/div>\n        \n        <div class=\"uk-overlay-panel uk-ignore uk-flex uk-flex-center uk-flex-middle uk-text-center\">\n            <div>\n\n                \n                \n                \n            <\/div>\n        <\/div>\n\n                                                        <a class=\"uk-position-cover\" href=\"\/wp-content\/uploads\/1be8d0a0-9e02-457d-b689-fb00d62f9689.jpeg\" data-lightbox-type=\"image\" data-uk-lightbox=\"{group:'.wk-13f3'}\" ><\/a>\n                                    \n    <\/figure>\n\n<\/div>\n    <\/div>\n\n        \n    <div>\n    \n<div class=\"uk-panel uk-invisible\">\n\n    <figure class=\"uk-overlay uk-overlay-hover uk-border-rounded\">\n\n        <img loading=\"lazy\" decoding=\"async\" src=\"\/wp-content\/uploads\/02a5de85-d8b0-4c61-b23c-811aed85c528.jpeg\" class=\"uk-overlay-scale\" width=\"1500\" height=\"2000\">\n                <div class=\"uk-overlay-panel uk-overlay-background uk-overlay-fade\"><\/div>\n        \n        <div class=\"uk-overlay-panel uk-ignore uk-flex uk-flex-center uk-flex-middle uk-text-center\">\n            <div>\n\n                \n                \n                \n            <\/div>\n        <\/div>\n\n                                                        <a class=\"uk-position-cover\" href=\"\/wp-content\/uploads\/02a5de85-d8b0-4c61-b23c-811aed85c528.jpeg\" data-lightbox-type=\"image\" data-uk-lightbox=\"{group:'.wk-13f3'}\" ><\/a>\n                                    \n    <\/figure>\n\n<\/div>\n    <\/div>\n\n        \n    <div>\n    \n<div class=\"uk-panel uk-invisible\">\n\n    <figure class=\"uk-overlay uk-overlay-hover uk-border-rounded\">\n\n        <img loading=\"lazy\" decoding=\"async\" src=\"\/wp-content\/uploads\/5e078381-daba-4877-871f-008cf200a536.jpeg\" class=\"uk-overlay-scale\" width=\"1500\" height=\"2000\">\n                <div class=\"uk-overlay-panel uk-overlay-background uk-overlay-fade\"><\/div>\n        \n        <div class=\"uk-overlay-panel uk-ignore uk-flex uk-flex-center uk-flex-middle uk-text-center\">\n            <div>\n\n                \n                \n                \n            <\/div>\n        <\/div>\n\n                                                        <a class=\"uk-position-cover\" href=\"\/wp-content\/uploads\/5e078381-daba-4877-871f-008cf200a536.jpeg\" data-lightbox-type=\"image\" data-uk-lightbox=\"{group:'.wk-13f3'}\" ><\/a>\n                                    \n    <\/figure>\n\n<\/div>\n    <\/div>\n\n        \n    <div>\n    \n<div class=\"uk-panel uk-invisible\">\n\n    <figure class=\"uk-overlay uk-overlay-hover uk-border-rounded\">\n\n        <img loading=\"lazy\" decoding=\"async\" src=\"\/wp-content\/uploads\/32aa6a1a-92a8-46b3-82c1-86c57299abbb.jpeg\" class=\"uk-overlay-scale\" width=\"702\" height=\"617\">\n                <div class=\"uk-overlay-panel uk-overlay-background uk-overlay-fade\"><\/div>\n        \n        <div class=\"uk-overlay-panel uk-ignore uk-flex uk-flex-center uk-flex-middle uk-text-center\">\n            <div>\n\n                \n                \n                \n            <\/div>\n        <\/div>\n\n                                                        <a class=\"uk-position-cover\" href=\"\/wp-content\/uploads\/32aa6a1a-92a8-46b3-82c1-86c57299abbb.jpeg\" data-lightbox-type=\"image\" data-uk-lightbox=\"{group:'.wk-13f3'}\" ><\/a>\n                                    \n    <\/figure>\n\n<\/div>\n    <\/div>\n\n        \n    <div>\n    \n<div class=\"uk-panel uk-invisible\">\n\n    <figure class=\"uk-overlay uk-overlay-hover uk-border-rounded\">\n\n        <img loading=\"lazy\" decoding=\"async\" src=\"\/wp-content\/uploads\/482d622b-a4d9-4581-8d8f-b291c3d31be6.jpeg\" class=\"uk-overlay-scale\" width=\"1920\" height=\"1080\">\n                <div class=\"uk-overlay-panel uk-overlay-background uk-overlay-fade\"><\/div>\n        \n        <div class=\"uk-overlay-panel uk-ignore uk-flex uk-flex-center uk-flex-middle uk-text-center\">\n            <div>\n\n                \n                \n                \n            <\/div>\n        <\/div>\n\n                                                        <a class=\"uk-position-cover\" href=\"\/wp-content\/uploads\/482d622b-a4d9-4581-8d8f-b291c3d31be6.jpeg\" data-lightbox-type=\"image\" data-uk-lightbox=\"{group:'.wk-13f3'}\" ><\/a>\n                                    \n    <\/figure>\n\n<\/div>\n    <\/div>\n\n        \n    <div>\n    \n<div class=\"uk-panel uk-invisible\">\n\n    <figure class=\"uk-overlay uk-overlay-hover uk-border-rounded\">\n\n        <img loading=\"lazy\" decoding=\"async\" src=\"\/wp-content\/uploads\/73417a54-7ee7-4fbf-a34b-c3b3b49c1f55.jpeg\" class=\"uk-overlay-scale\" width=\"716\" height=\"1600\">\n                <div class=\"uk-overlay-panel uk-overlay-background uk-overlay-fade\"><\/div>\n        \n        <div class=\"uk-overlay-panel uk-ignore uk-flex uk-flex-center uk-flex-middle uk-text-center\">\n            <div>\n\n                \n                \n                \n            <\/div>\n        <\/div>\n\n                                                        <a class=\"uk-position-cover\" href=\"\/wp-content\/uploads\/73417a54-7ee7-4fbf-a34b-c3b3b49c1f55.jpeg\" data-lightbox-type=\"image\" data-uk-lightbox=\"{group:'.wk-13f3'}\" ><\/a>\n                                    \n    <\/figure>\n\n<\/div>\n    <\/div>\n\n        \n    <div>\n    \n<div class=\"uk-panel uk-invisible\">\n\n    <figure class=\"uk-overlay uk-overlay-hover uk-border-rounded\">\n\n        <img loading=\"lazy\" decoding=\"async\" src=\"\/wp-content\/uploads\/622098a4-2d0a-4a12-98c1-ebd39f0a0bfb.jpeg\" class=\"uk-overlay-scale\" width=\"716\" height=\"1600\">\n                <div class=\"uk-overlay-panel uk-overlay-background uk-overlay-fade\"><\/div>\n        \n        <div class=\"uk-overlay-panel uk-ignore uk-flex uk-flex-center uk-flex-middle uk-text-center\">\n            <div>\n\n                \n                \n                \n            <\/div>\n        <\/div>\n\n                                                        <a class=\"uk-position-cover\" href=\"\/wp-content\/uploads\/622098a4-2d0a-4a12-98c1-ebd39f0a0bfb.jpeg\" data-lightbox-type=\"image\" data-uk-lightbox=\"{group:'.wk-13f3'}\" ><\/a>\n                                    \n    <\/figure>\n\n<\/div>\n    <\/div>\n\n        \n    <div>\n    \n<div class=\"uk-panel uk-invisible\">\n\n    <figure class=\"uk-overlay uk-overlay-hover uk-border-rounded\">\n\n        <img loading=\"lazy\" decoding=\"async\" src=\"\/wp-content\/uploads\/1695451940999.jpg\" class=\"uk-overlay-scale\" width=\"1500\" height=\"2000\">\n                <div class=\"uk-overlay-panel uk-overlay-background uk-overlay-fade\"><\/div>\n        \n        <div class=\"uk-overlay-panel uk-ignore uk-flex uk-flex-center uk-flex-middle uk-text-center\">\n            <div>\n\n                \n                \n                \n            <\/div>\n        <\/div>\n\n                                                        <a class=\"uk-position-cover\" href=\"\/wp-content\/uploads\/1695451940999.jpg\" data-lightbox-type=\"image\" data-uk-lightbox=\"{group:'.wk-13f3'}\" ><\/a>\n                                    \n    <\/figure>\n\n<\/div>\n    <\/div>\n\n        \n    <div>\n    \n<div class=\"uk-panel uk-invisible\">\n\n    <figure class=\"uk-overlay uk-overlay-hover uk-border-rounded\">\n\n        <img loading=\"lazy\" decoding=\"async\" src=\"\/wp-content\/uploads\/b76294ac-474e-4b5d-9db2-efffd75dbe19.jpeg\" class=\"uk-overlay-scale\" width=\"716\" height=\"1600\">\n                <div class=\"uk-overlay-panel uk-overlay-background uk-overlay-fade\"><\/div>\n        \n        <div class=\"uk-overlay-panel uk-ignore uk-flex uk-flex-center uk-flex-middle uk-text-center\">\n            <div>\n\n                \n                \n                \n            <\/div>\n        <\/div>\n\n                                                        <a class=\"uk-position-cover\" href=\"\/wp-content\/uploads\/b76294ac-474e-4b5d-9db2-efffd75dbe19.jpeg\" data-lightbox-type=\"image\" data-uk-lightbox=\"{group:'.wk-13f3'}\" ><\/a>\n                                    \n    <\/figure>\n\n<\/div>\n    <\/div>\n\n        \n    <div>\n    \n<div class=\"uk-panel uk-invisible\">\n\n    <figure class=\"uk-overlay uk-overlay-hover uk-border-rounded\">\n\n        <img loading=\"lazy\" decoding=\"async\" src=\"\/wp-content\/uploads\/b76294ac-474e-4b5d-9db2-efffd75dbe19.jpeg\" class=\"uk-overlay-scale\" width=\"716\" height=\"1600\">\n                <div class=\"uk-overlay-panel uk-overlay-background uk-overlay-fade\"><\/div>\n        \n        <div class=\"uk-overlay-panel uk-ignore uk-flex uk-flex-center uk-flex-middle uk-text-center\">\n            <div>\n\n                \n                \n                \n            <\/div>\n        <\/div>\n\n                                                        <a class=\"uk-position-cover\" href=\"\/wp-content\/uploads\/b76294ac-474e-4b5d-9db2-efffd75dbe19.jpeg\" data-lightbox-type=\"image\" data-uk-lightbox=\"{group:'.wk-13f3'}\" ><\/a>\n                                    \n    <\/figure>\n\n<\/div>\n    <\/div>\n\n        \n    <div>\n    \n<div class=\"uk-panel uk-invisible\">\n\n    <figure class=\"uk-overlay uk-overlay-hover uk-border-rounded\">\n\n        <img loading=\"lazy\" decoding=\"async\" src=\"\/wp-content\/uploads\/bc010421-2e3e-43b7-9387-72690cadbe3d.jpeg\" class=\"uk-overlay-scale\" width=\"716\" height=\"1600\">\n                <div class=\"uk-overlay-panel uk-overlay-background uk-overlay-fade\"><\/div>\n        \n        <div class=\"uk-overlay-panel uk-ignore uk-flex uk-flex-center uk-flex-middle uk-text-center\">\n            <div>\n\n                \n                \n                \n            <\/div>\n        <\/div>\n\n                                                        <a class=\"uk-position-cover\" href=\"\/wp-content\/uploads\/bc010421-2e3e-43b7-9387-72690cadbe3d.jpeg\" data-lightbox-type=\"image\" data-uk-lightbox=\"{group:'.wk-13f3'}\" ><\/a>\n                                    \n    <\/figure>\n\n<\/div>\n    <\/div>\n\n        \n    <div>\n    \n<div class=\"uk-panel uk-invisible\">\n\n    <figure class=\"uk-overlay uk-overlay-hover uk-border-rounded\">\n\n        <img loading=\"lazy\" decoding=\"async\" src=\"\/wp-content\/uploads\/c7203edb-2a0d-465e-818c-d88cf98f2b71.jpeg\" class=\"uk-overlay-scale\" width=\"716\" height=\"1600\">\n                <div class=\"uk-overlay-panel uk-overlay-background uk-overlay-fade\"><\/div>\n        \n        <div class=\"uk-overlay-panel uk-ignore uk-flex uk-flex-center uk-flex-middle uk-text-center\">\n            <div>\n\n                \n                \n                \n            <\/div>\n        <\/div>\n\n                                                        <a class=\"uk-position-cover\" href=\"\/wp-content\/uploads\/c7203edb-2a0d-465e-818c-d88cf98f2b71.jpeg\" data-lightbox-type=\"image\" data-uk-lightbox=\"{group:'.wk-13f3'}\" ><\/a>\n                                    \n    <\/figure>\n\n<\/div>\n    <\/div>\n\n        \n    <div>\n    \n<div class=\"uk-panel uk-invisible\">\n\n    <figure class=\"uk-overlay uk-overlay-hover uk-border-rounded\">\n\n        <img loading=\"lazy\" decoding=\"async\" src=\"\/wp-content\/uploads\/e44b858a-7d07-496b-903f-786475b280be.jpeg\" class=\"uk-overlay-scale\" width=\"1920\" height=\"1080\">\n                <div class=\"uk-overlay-panel uk-overlay-background uk-overlay-fade\"><\/div>\n        \n        <div class=\"uk-overlay-panel uk-ignore uk-flex uk-flex-center uk-flex-middle uk-text-center\">\n            <div>\n\n                \n                \n                \n            <\/div>\n        <\/div>\n\n                                                        <a class=\"uk-position-cover\" href=\"\/wp-content\/uploads\/e44b858a-7d07-496b-903f-786475b280be.jpeg\" data-lightbox-type=\"image\" data-uk-lightbox=\"{group:'.wk-13f3'}\" ><\/a>\n                                    \n    <\/figure>\n\n<\/div>\n    <\/div>\n\n        \n    <div>\n    \n<div class=\"uk-panel uk-invisible\">\n\n    <figure class=\"uk-overlay uk-overlay-hover uk-border-rounded\">\n\n        <img loading=\"lazy\" decoding=\"async\" src=\"\/wp-content\/uploads\/ebfb34cf-a07f-4ce2-9259-b133d347c535.jpeg\" class=\"uk-overlay-scale\" width=\"716\" height=\"1600\">\n                <div class=\"uk-overlay-panel uk-overlay-background uk-overlay-fade\"><\/div>\n        \n        <div class=\"uk-overlay-panel uk-ignore uk-flex uk-flex-center uk-flex-middle uk-text-center\">\n            <div>\n\n                \n                \n                \n            <\/div>\n        <\/div>\n\n                                                        <a class=\"uk-position-cover\" href=\"\/wp-content\/uploads\/ebfb34cf-a07f-4ce2-9259-b133d347c535.jpeg\" data-lightbox-type=\"image\" data-uk-lightbox=\"{group:'.wk-13f3'}\" ><\/a>\n                                    \n    <\/figure>\n\n<\/div>\n    <\/div>\n\n        \n    <div>\n    \n<div class=\"uk-panel uk-invisible\">\n\n    <figure class=\"uk-overlay uk-overlay-hover uk-border-rounded\">\n\n        <img loading=\"lazy\" decoding=\"async\" src=\"\/wp-content\/uploads\/f42dcd0d-4bcf-4865-97e4-c3a54a22d4b6.jpeg\" class=\"uk-overlay-scale\" width=\"1920\" height=\"1080\">\n                <div class=\"uk-overlay-panel uk-overlay-background uk-overlay-fade\"><\/div>\n        \n        <div class=\"uk-overlay-panel uk-ignore uk-flex uk-flex-center uk-flex-middle uk-text-center\">\n            <div>\n\n                \n                \n                \n            <\/div>\n        <\/div>\n\n                                                        <a class=\"uk-position-cover\" href=\"\/wp-content\/uploads\/f42dcd0d-4bcf-4865-97e4-c3a54a22d4b6.jpeg\" data-lightbox-type=\"image\" data-uk-lightbox=\"{group:'.wk-13f3'}\" ><\/a>\n                                    \n    <\/figure>\n\n<\/div>\n    <\/div>\n\n        \n    <div>\n    \n<div class=\"uk-panel uk-invisible\">\n\n    <figure class=\"uk-overlay uk-overlay-hover uk-border-rounded\">\n\n        <img loading=\"lazy\" decoding=\"async\" src=\"\/wp-content\/uploads\/46dc8f2c-1660-428a-b91f-4f5fce562399.jpeg\" class=\"uk-overlay-scale\" width=\"1920\" height=\"1080\">\n                <div class=\"uk-overlay-panel uk-overlay-background uk-overlay-fade\"><\/div>\n        \n        <div class=\"uk-overlay-panel uk-ignore uk-flex uk-flex-center uk-flex-middle uk-text-center\">\n            <div>\n\n                \n                \n                \n            <\/div>\n        <\/div>\n\n                                                        <a class=\"uk-position-cover\" href=\"\/wp-content\/uploads\/46dc8f2c-1660-428a-b91f-4f5fce562399.jpeg\" data-lightbox-type=\"image\" data-uk-lightbox=\"{group:'.wk-13f3'}\" ><\/a>\n                                    \n    <\/figure>\n\n<\/div>\n    <\/div>\n\n        \n    <div>\n    \n<div class=\"uk-panel uk-invisible\">\n\n    <figure class=\"uk-overlay uk-overlay-hover uk-border-rounded\">\n\n        <img loading=\"lazy\" decoding=\"async\" src=\"\/wp-content\/uploads\/b76fdee0-4ad6-4299-b336-9810acb9eea1.jpeg\" class=\"uk-overlay-scale\" width=\"921\" height=\"2048\">\n                <div class=\"uk-overlay-panel uk-overlay-background uk-overlay-fade\"><\/div>\n        \n        <div class=\"uk-overlay-panel uk-ignore uk-flex uk-flex-center uk-flex-middle uk-text-center\">\n            <div>\n\n                \n                \n                \n            <\/div>\n        <\/div>\n\n                                                        <a class=\"uk-position-cover\" href=\"\/wp-content\/uploads\/b76fdee0-4ad6-4299-b336-9810acb9eea1.jpeg\" data-lightbox-type=\"image\" data-uk-lightbox=\"{group:'.wk-13f3'}\" ><\/a>\n                                    \n    <\/figure>\n\n<\/div>\n    <\/div>\n\n    \n<\/div>\n\n\n<script>\n    (function($){\n        \/\/ get the images of the gallery and replace it by a canvas of the same size to fix the problem with overlapping images on load.\n        $('.uk-overlay > img:first', $('#wk-grid3f3')).each(function() {\n\n            var $img = $(this),\n                $canvas = $('<canvas class=\"uk-responsive-width\"><\/canvas>').attr({width:$img.attr('width'), height:$img.attr('height')}),\n                img = new Image;\n\n            $img.css('display', 'none').after($canvas);\n\n            img.onload = function(){\n                $canvas.remove();\n                $img.css('display', '');\n            };\n\n            img.src = this.src;\n        });\n\n    })(jQuery);\n<\/script>\n\n","protected":false},"excerpt":{"rendered":"<p>Lamine Macar \u00fcr\u00fcnlerimizi a\u015fa\u011f\u0131da inceleyebilirsiniz. Sormak istedi\u011finiz t\u00fcm sorular\u0131n\u0131z i\u00e7in l\u00fctfen bizimle ileti\u015fime ge\u00e7iniz.<\/p>\n","protected":false},"author":1,"featured_media":0,"parent":0,"menu_order":0,"comment_status":"closed","ping_status":"closed","template":"","meta":{"footnotes":""},"class_list":["post-1368","page","type-page","status-publish","hentry"],"_links":{"self":[{"href":"https:\/\/soykokparke.com\/index.php?rest_route=\/wp\/v2\/pages\/1368","targetHints":{"allow":["GET"]}}],"collection":[{"href":"https:\/\/soykokparke.com\/index.php?rest_route=\/wp\/v2\/pages"}],"about":[{"href":"https:\/\/soykokparke.com\/index.php?rest_route=\/wp\/v2\/types\/page"}],"author":[{"embeddable":true,"href":"https:\/\/soykokparke.com\/index.php?rest_route=\/wp\/v2\/users\/1"}],"replies":[{"embeddable":true,"href":"https:\/\/soykokparke.com\/index.php?rest_route=%2Fwp%2Fv2%2Fcomments&post=1368"}],"version-history":[{"count":3,"href":"https:\/\/soykokparke.com\/index.php?rest_route=\/wp\/v2\/pages\/1368\/revisions"}],"predecessor-version":[{"id":1371,"href":"https:\/\/soykokparke.com\/index.php?rest_route=\/wp\/v2\/pages\/1368\/revisions\/1371"}],"wp:attachment":[{"href":"https:\/\/soykokparke.com\/index.php?rest_route=%2Fwp%2Fv2%2Fmedia&parent=1368"}],"curies":[{"name":"wp","href":"https:\/\/api.w.org\/{rel}","templated":true}]}}