{"id":1343,"date":"2023-11-21T13:11:43","date_gmt":"2023-11-21T13:11:43","guid":{"rendered":"https:\/\/soykokparke.com\/?page_id=1343"},"modified":"2023-11-21T13:12:04","modified_gmt":"2023-11-21T13:12:04","slug":"lamine-balik-sirti","status":"publish","type":"page","link":"https:\/\/soykokparke.com\/?page_id=1343","title":{"rendered":"LAM\u0130NE BALIK SIRTI"},"content":{"rendered":"\n<p>Lamine Bal\u0131k S\u0131rt\u0131 \u00fcr\u00fcnlerimizi a\u015fa\u011f\u0131da inceleyebilirsiniz. Sormak istedi\u011finiz t\u00fcm sorular\u0131n\u0131z i\u00e7in l\u00fctfen bizimle ileti\u015fime ge\u00e7iniz.<\/p>\n\n\n\n\n\n<div id=\"wk-grid9f5\" class=\"uk-grid-width-1-1 uk-grid-width-small-1-2 uk-grid-width-medium-1-2 uk-grid-width-large-1-4 uk-grid-width-xlarge-1-4 tm-overlay-lykka\" data-uk-grid=\"{gutter: ' 15'}\"  data-uk-scrollspy=\"{cls:'uk-animation-scale-up uk-invisible', target:'> div > .uk-panel', delay:300}\">\n\n    \n    <div>\n    \n<div class=\"uk-panel uk-invisible\">\n\n    <figure class=\"uk-overlay uk-overlay-hover uk-border-rounded\">\n\n        <img loading=\"lazy\" decoding=\"async\" src=\"\/wp-content\/uploads\/4e46ea56-fbad-4c81-8439-b129a24b906b.jpeg\" class=\"uk-overlay-scale\" width=\"1080\" height=\"1111\">\n                <div class=\"uk-overlay-panel uk-overlay-background uk-overlay-fade\"><\/div>\n        \n        <div class=\"uk-overlay-panel uk-ignore uk-flex uk-flex-center uk-flex-middle uk-text-center\">\n            <div>\n\n                \n                \n                \n            <\/div>\n        <\/div>\n\n                                                        <a class=\"uk-position-cover\" href=\"\/wp-content\/uploads\/4e46ea56-fbad-4c81-8439-b129a24b906b.jpeg\" data-lightbox-type=\"image\" data-uk-lightbox=\"{group:'.wk-19f5'}\" ><\/a>\n                                    \n    <\/figure>\n\n<\/div>\n    <\/div>\n\n        \n    <div>\n    \n<div class=\"uk-panel uk-invisible\">\n\n    <figure class=\"uk-overlay uk-overlay-hover uk-border-rounded\">\n\n        <img loading=\"lazy\" decoding=\"async\" src=\"\/wp-content\/uploads\/8ad14c99-13c1-4ebf-a907-8f26c8061549.jpeg\" class=\"uk-overlay-scale\" width=\"1536\" height=\"2048\">\n                <div class=\"uk-overlay-panel uk-overlay-background uk-overlay-fade\"><\/div>\n        \n        <div class=\"uk-overlay-panel uk-ignore uk-flex uk-flex-center uk-flex-middle uk-text-center\">\n            <div>\n\n                \n                \n                \n            <\/div>\n        <\/div>\n\n                                                        <a class=\"uk-position-cover\" href=\"\/wp-content\/uploads\/8ad14c99-13c1-4ebf-a907-8f26c8061549.jpeg\" data-lightbox-type=\"image\" data-uk-lightbox=\"{group:'.wk-19f5'}\" ><\/a>\n                                    \n    <\/figure>\n\n<\/div>\n    <\/div>\n\n        \n    <div>\n    \n<div class=\"uk-panel uk-invisible\">\n\n    <figure class=\"uk-overlay uk-overlay-hover uk-border-rounded\">\n\n        <img loading=\"lazy\" decoding=\"async\" src=\"\/wp-content\/uploads\/18f5aa9c-56f6-494f-b4b1-1a0eb91e283f.jpeg\" class=\"uk-overlay-scale\" width=\"1920\" height=\"1080\">\n                <div class=\"uk-overlay-panel uk-overlay-background uk-overlay-fade\"><\/div>\n        \n        <div class=\"uk-overlay-panel uk-ignore uk-flex uk-flex-center uk-flex-middle uk-text-center\">\n            <div>\n\n                \n                \n                \n            <\/div>\n        <\/div>\n\n                                                        <a class=\"uk-position-cover\" href=\"\/wp-content\/uploads\/18f5aa9c-56f6-494f-b4b1-1a0eb91e283f.jpeg\" data-lightbox-type=\"image\" data-uk-lightbox=\"{group:'.wk-19f5'}\" ><\/a>\n                                    \n    <\/figure>\n\n<\/div>\n    <\/div>\n\n        \n    <div>\n    \n<div class=\"uk-panel uk-invisible\">\n\n    <figure class=\"uk-overlay uk-overlay-hover uk-border-rounded\">\n\n        <img loading=\"lazy\" decoding=\"async\" src=\"\/wp-content\/uploads\/19f16fb6-1de9-4e31-ac1b-ba433fd57ead.jpeg\" class=\"uk-overlay-scale\" width=\"921\" height=\"2048\">\n                <div class=\"uk-overlay-panel uk-overlay-background uk-overlay-fade\"><\/div>\n        \n        <div class=\"uk-overlay-panel uk-ignore uk-flex uk-flex-center uk-flex-middle uk-text-center\">\n            <div>\n\n                \n                \n                \n            <\/div>\n        <\/div>\n\n                                                        <a class=\"uk-position-cover\" href=\"\/wp-content\/uploads\/19f16fb6-1de9-4e31-ac1b-ba433fd57ead.jpeg\" data-lightbox-type=\"image\" data-uk-lightbox=\"{group:'.wk-19f5'}\" ><\/a>\n                                    \n    <\/figure>\n\n<\/div>\n    <\/div>\n\n        \n    <div>\n    \n<div class=\"uk-panel uk-invisible\">\n\n    <figure class=\"uk-overlay uk-overlay-hover uk-border-rounded\">\n\n        <img loading=\"lazy\" decoding=\"async\" src=\"\/wp-content\/uploads\/91eb3f67-295a-4898-b6c9-bfd633eb14e6.jpeg\" class=\"uk-overlay-scale\" width=\"716\" height=\"1600\">\n                <div class=\"uk-overlay-panel uk-overlay-background uk-overlay-fade\"><\/div>\n        \n        <div class=\"uk-overlay-panel uk-ignore uk-flex uk-flex-center uk-flex-middle uk-text-center\">\n            <div>\n\n                \n                \n                \n            <\/div>\n        <\/div>\n\n                                                        <a class=\"uk-position-cover\" href=\"\/wp-content\/uploads\/91eb3f67-295a-4898-b6c9-bfd633eb14e6.jpeg\" data-lightbox-type=\"image\" data-uk-lightbox=\"{group:'.wk-19f5'}\" ><\/a>\n                                    \n    <\/figure>\n\n<\/div>\n    <\/div>\n\n        \n    <div>\n    \n<div class=\"uk-panel uk-invisible\">\n\n    <figure class=\"uk-overlay uk-overlay-hover uk-border-rounded\">\n\n        <img loading=\"lazy\" decoding=\"async\" src=\"\/wp-content\/uploads\/265df4eb-8d51-4bc3-be65-c22b2c99d05d.jpeg\" class=\"uk-overlay-scale\" width=\"921\" height=\"2048\">\n                <div class=\"uk-overlay-panel uk-overlay-background uk-overlay-fade\"><\/div>\n        \n        <div class=\"uk-overlay-panel uk-ignore uk-flex uk-flex-center uk-flex-middle uk-text-center\">\n            <div>\n\n                \n                \n                \n            <\/div>\n        <\/div>\n\n                                                        <a class=\"uk-position-cover\" href=\"\/wp-content\/uploads\/265df4eb-8d51-4bc3-be65-c22b2c99d05d.jpeg\" data-lightbox-type=\"image\" data-uk-lightbox=\"{group:'.wk-19f5'}\" ><\/a>\n                                    \n    <\/figure>\n\n<\/div>\n    <\/div>\n\n        \n    <div>\n    \n<div class=\"uk-panel uk-invisible\">\n\n    <figure class=\"uk-overlay uk-overlay-hover uk-border-rounded\">\n\n        <img loading=\"lazy\" decoding=\"async\" src=\"\/wp-content\/uploads\/741bf12c-2762-49f4-9acc-22394086c0c3.jpeg\" class=\"uk-overlay-scale\" width=\"716\" height=\"1600\">\n                <div class=\"uk-overlay-panel uk-overlay-background uk-overlay-fade\"><\/div>\n        \n        <div class=\"uk-overlay-panel uk-ignore uk-flex uk-flex-center uk-flex-middle uk-text-center\">\n            <div>\n\n                \n                \n                \n            <\/div>\n        <\/div>\n\n                                                        <a class=\"uk-position-cover\" href=\"\/wp-content\/uploads\/741bf12c-2762-49f4-9acc-22394086c0c3.jpeg\" data-lightbox-type=\"image\" data-uk-lightbox=\"{group:'.wk-19f5'}\" ><\/a>\n                                    \n    <\/figure>\n\n<\/div>\n    <\/div>\n\n        \n    <div>\n    \n<div class=\"uk-panel uk-invisible\">\n\n    <figure class=\"uk-overlay uk-overlay-hover uk-border-rounded\">\n\n        <img loading=\"lazy\" decoding=\"async\" src=\"\/wp-content\/uploads\/1695451940881.jpg\" class=\"uk-overlay-scale\" width=\"1500\" height=\"2000\">\n                <div class=\"uk-overlay-panel uk-overlay-background uk-overlay-fade\"><\/div>\n        \n        <div class=\"uk-overlay-panel uk-ignore uk-flex uk-flex-center uk-flex-middle uk-text-center\">\n            <div>\n\n                \n                \n                \n            <\/div>\n        <\/div>\n\n                                                        <a class=\"uk-position-cover\" href=\"\/wp-content\/uploads\/1695451940881.jpg\" data-lightbox-type=\"image\" data-uk-lightbox=\"{group:'.wk-19f5'}\" ><\/a>\n                                    \n    <\/figure>\n\n<\/div>\n    <\/div>\n\n        \n    <div>\n    \n<div class=\"uk-panel uk-invisible\">\n\n    <figure class=\"uk-overlay uk-overlay-hover uk-border-rounded\">\n\n        <img loading=\"lazy\" decoding=\"async\" src=\"\/wp-content\/uploads\/a026c245-e440-4635-abf4-d4e24d10ecb0.jpeg\" class=\"uk-overlay-scale\" width=\"2048\" height=\"1536\">\n                <div class=\"uk-overlay-panel uk-overlay-background uk-overlay-fade\"><\/div>\n        \n        <div class=\"uk-overlay-panel uk-ignore uk-flex uk-flex-center uk-flex-middle uk-text-center\">\n            <div>\n\n                \n                \n                \n            <\/div>\n        <\/div>\n\n                                                        <a class=\"uk-position-cover\" href=\"\/wp-content\/uploads\/a026c245-e440-4635-abf4-d4e24d10ecb0.jpeg\" data-lightbox-type=\"image\" data-uk-lightbox=\"{group:'.wk-19f5'}\" ><\/a>\n                                    \n    <\/figure>\n\n<\/div>\n    <\/div>\n\n        \n    <div>\n    \n<div class=\"uk-panel uk-invisible\">\n\n    <figure class=\"uk-overlay uk-overlay-hover uk-border-rounded\">\n\n        <img loading=\"lazy\" decoding=\"async\" src=\"\/wp-content\/uploads\/c5ac21f8-f6b4-43ad-aaeb-9b2588a175ca.jpeg\" class=\"uk-overlay-scale\" width=\"1600\" height=\"716\">\n                <div class=\"uk-overlay-panel uk-overlay-background uk-overlay-fade\"><\/div>\n        \n        <div class=\"uk-overlay-panel uk-ignore uk-flex uk-flex-center uk-flex-middle uk-text-center\">\n            <div>\n\n                \n                \n                \n            <\/div>\n        <\/div>\n\n                                                        <a class=\"uk-position-cover\" href=\"\/wp-content\/uploads\/c5ac21f8-f6b4-43ad-aaeb-9b2588a175ca.jpeg\" data-lightbox-type=\"image\" data-uk-lightbox=\"{group:'.wk-19f5'}\" ><\/a>\n                                    \n    <\/figure>\n\n<\/div>\n    <\/div>\n\n        \n    <div>\n    \n<div class=\"uk-panel uk-invisible\">\n\n    <figure class=\"uk-overlay uk-overlay-hover uk-border-rounded\">\n\n        <img loading=\"lazy\" decoding=\"async\" src=\"\/wp-content\/uploads\/ef6b4ff2-8735-4a32-af3a-cb4d59af7915.jpeg\" class=\"uk-overlay-scale\" width=\"921\" height=\"2048\">\n                <div class=\"uk-overlay-panel uk-overlay-background uk-overlay-fade\"><\/div>\n        \n        <div class=\"uk-overlay-panel uk-ignore uk-flex uk-flex-center uk-flex-middle uk-text-center\">\n            <div>\n\n                \n                \n                \n            <\/div>\n        <\/div>\n\n                                                        <a class=\"uk-position-cover\" href=\"\/wp-content\/uploads\/ef6b4ff2-8735-4a32-af3a-cb4d59af7915.jpeg\" data-lightbox-type=\"image\" data-uk-lightbox=\"{group:'.wk-19f5'}\" ><\/a>\n                                    \n    <\/figure>\n\n<\/div>\n    <\/div>\n\n        \n    <div>\n    \n<div class=\"uk-panel uk-invisible\">\n\n    <figure class=\"uk-overlay uk-overlay-hover uk-border-rounded\">\n\n        <img loading=\"lazy\" decoding=\"async\" src=\"\/wp-content\/uploads\/f190f252-54ad-4445-aa80-ea9bec7d8caf-1.jpeg\" class=\"uk-overlay-scale\" width=\"1080\" height=\"1362\">\n                <div class=\"uk-overlay-panel uk-overlay-background uk-overlay-fade\"><\/div>\n        \n        <div class=\"uk-overlay-panel uk-ignore uk-flex uk-flex-center uk-flex-middle uk-text-center\">\n            <div>\n\n                \n                \n                \n            <\/div>\n        <\/div>\n\n                                                        <a class=\"uk-position-cover\" href=\"\/wp-content\/uploads\/f190f252-54ad-4445-aa80-ea9bec7d8caf-1.jpeg\" data-lightbox-type=\"image\" data-uk-lightbox=\"{group:'.wk-19f5'}\" ><\/a>\n                                    \n    <\/figure>\n\n<\/div>\n    <\/div>\n\n    \n<\/div>\n\n\n<script>\n    (function($){\n        \/\/ get the images of the gallery and replace it by a canvas of the same size to fix the problem with overlapping images on load.\n        $('.uk-overlay > img:first', $('#wk-grid9f5')).each(function() {\n\n            var $img = $(this),\n                $canvas = $('<canvas class=\"uk-responsive-width\"><\/canvas>').attr({width:$img.attr('width'), height:$img.attr('height')}),\n                img = new Image;\n\n            $img.css('display', 'none').after($canvas);\n\n            img.onload = function(){\n                $canvas.remove();\n                $img.css('display', '');\n            };\n\n            img.src = this.src;\n        });\n\n    })(jQuery);\n<\/script>\n\n","protected":false},"excerpt":{"rendered":"<p>Lamine Bal\u0131k S\u0131rt\u0131 \u00fcr\u00fcnlerimizi a\u015fa\u011f\u0131da inceleyebilirsiniz. Sormak istedi\u011finiz t\u00fcm sorular\u0131n\u0131z i\u00e7in l\u00fctfen bizimle ileti\u015fime ge\u00e7iniz.<\/p>\n","protected":false},"author":1,"featured_media":0,"parent":0,"menu_order":0,"comment_status":"closed","ping_status":"closed","template":"","meta":{"footnotes":""},"class_list":["post-1343","page","type-page","status-publish","hentry"],"_links":{"self":[{"href":"https:\/\/soykokparke.com\/index.php?rest_route=\/wp\/v2\/pages\/1343","targetHints":{"allow":["GET"]}}],"collection":[{"href":"https:\/\/soykokparke.com\/index.php?rest_route=\/wp\/v2\/pages"}],"about":[{"href":"https:\/\/soykokparke.com\/index.php?rest_route=\/wp\/v2\/types\/page"}],"author":[{"embeddable":true,"href":"https:\/\/soykokparke.com\/index.php?rest_route=\/wp\/v2\/users\/1"}],"replies":[{"embeddable":true,"href":"https:\/\/soykokparke.com\/index.php?rest_route=%2Fwp%2Fv2%2Fcomments&post=1343"}],"version-history":[{"count":2,"href":"https:\/\/soykokparke.com\/index.php?rest_route=\/wp\/v2\/pages\/1343\/revisions"}],"predecessor-version":[{"id":1345,"href":"https:\/\/soykokparke.com\/index.php?rest_route=\/wp\/v2\/pages\/1343\/revisions\/1345"}],"wp:attachment":[{"href":"https:\/\/soykokparke.com\/index.php?rest_route=%2Fwp%2Fv2%2Fmedia&parent=1343"}],"curies":[{"name":"wp","href":"https:\/\/api.w.org\/{rel}","templated":true}]}}