{"id":1323,"date":"2023-11-21T12:59:53","date_gmt":"2023-11-21T12:59:53","guid":{"rendered":"https:\/\/soykokparke.com\/?page_id=1323"},"modified":"2023-11-21T14:34:07","modified_gmt":"2023-11-21T14:34:07","slug":"lamine-plank","status":"publish","type":"page","link":"https:\/\/soykokparke.com\/?page_id=1323","title":{"rendered":"LAM\u0130NE 3 STRIP"},"content":{"rendered":"\n<p>Lamine 3 Strip \u00fcr\u00fcnlerimizi a\u015fa\u011f\u0131da inceleyebilirsiniz. Sormak istedi\u011finiz t\u00fcm sorular\u0131n\u0131z i\u00e7in l\u00fctfen bizimle ileti\u015fime ge\u00e7iniz. <\/p>\n\n\n\n\n\n<div id=\"wk-gridb10\" class=\"uk-grid-width-1-1 uk-grid-width-small-1-2 uk-grid-width-medium-1-2 uk-grid-width-large-1-4 uk-grid-width-xlarge-1-4 tm-overlay-lykka\" data-uk-grid=\"{gutter: ' 15'}\"  data-uk-scrollspy=\"{cls:'uk-animation-scale-up uk-invisible', target:'> div > .uk-panel', delay:300}\">\n\n    \n    <div>\n    \n<div class=\"uk-panel uk-invisible\">\n\n    <figure class=\"uk-overlay uk-overlay-hover uk-border-rounded\">\n\n        <img loading=\"lazy\" decoding=\"async\" src=\"\/wp-content\/uploads\/3618aec0-0f4e-4fbe-9154-675c048290b8.jpeg\" class=\"uk-overlay-scale\" width=\"1200\" height=\"1600\">\n                <div class=\"uk-overlay-panel uk-overlay-background uk-overlay-fade\"><\/div>\n        \n        <div class=\"uk-overlay-panel uk-ignore uk-flex uk-flex-center uk-flex-middle uk-text-center\">\n            <div>\n\n                \n                \n                \n            <\/div>\n        <\/div>\n\n                                                        <a class=\"uk-position-cover\" href=\"\/wp-content\/uploads\/3618aec0-0f4e-4fbe-9154-675c048290b8.jpeg\" data-lightbox-type=\"image\" data-uk-lightbox=\"{group:'.wk-1b10'}\" ><\/a>\n                                    \n    <\/figure>\n\n<\/div>\n    <\/div>\n\n        \n    <div>\n    \n<div class=\"uk-panel uk-invisible\">\n\n    <figure class=\"uk-overlay uk-overlay-hover uk-border-rounded\">\n\n        <img loading=\"lazy\" decoding=\"async\" src=\"\/wp-content\/uploads\/724661d9-0946-4ea2-a7e3-70f8aa2376a3.jpg\" class=\"uk-overlay-scale\" width=\"896\" height=\"2000\">\n                <div class=\"uk-overlay-panel uk-overlay-background uk-overlay-fade\"><\/div>\n        \n        <div class=\"uk-overlay-panel uk-ignore uk-flex uk-flex-center uk-flex-middle uk-text-center\">\n            <div>\n\n                \n                \n                \n            <\/div>\n        <\/div>\n\n                                                        <a class=\"uk-position-cover\" href=\"\/wp-content\/uploads\/724661d9-0946-4ea2-a7e3-70f8aa2376a3.jpg\" data-lightbox-type=\"image\" data-uk-lightbox=\"{group:'.wk-1b10'}\" ><\/a>\n                                    \n    <\/figure>\n\n<\/div>\n    <\/div>\n\n        \n    <div>\n    \n<div class=\"uk-panel uk-invisible\">\n\n    <figure class=\"uk-overlay uk-overlay-hover uk-border-rounded\">\n\n        <img loading=\"lazy\" decoding=\"async\" src=\"\/wp-content\/uploads\/c58986eb-93cf-4840-b396-24c343f12002.jpg\" class=\"uk-overlay-scale\" width=\"896\" height=\"2000\">\n                <div class=\"uk-overlay-panel uk-overlay-background uk-overlay-fade\"><\/div>\n        \n        <div class=\"uk-overlay-panel uk-ignore uk-flex uk-flex-center uk-flex-middle uk-text-center\">\n            <div>\n\n                \n                \n                \n            <\/div>\n        <\/div>\n\n                                                        <a class=\"uk-position-cover\" href=\"\/wp-content\/uploads\/c58986eb-93cf-4840-b396-24c343f12002.jpg\" data-lightbox-type=\"image\" data-uk-lightbox=\"{group:'.wk-1b10'}\" ><\/a>\n                                    \n    <\/figure>\n\n<\/div>\n    <\/div>\n\n        \n    <div>\n    \n<div class=\"uk-panel uk-invisible\">\n\n    <figure class=\"uk-overlay uk-overlay-hover uk-border-rounded\">\n\n        <img loading=\"lazy\" decoding=\"async\" src=\"\/wp-content\/uploads\/ea44721a-7bec-447c-ba6a-007fd962e826.jpeg\" class=\"uk-overlay-scale\" width=\"896\" height=\"2000\">\n                <div class=\"uk-overlay-panel uk-overlay-background uk-overlay-fade\"><\/div>\n        \n        <div class=\"uk-overlay-panel uk-ignore uk-flex uk-flex-center uk-flex-middle uk-text-center\">\n            <div>\n\n                \n                \n                \n            <\/div>\n        <\/div>\n\n                                                        <a class=\"uk-position-cover\" href=\"\/wp-content\/uploads\/ea44721a-7bec-447c-ba6a-007fd962e826.jpeg\" data-lightbox-type=\"image\" data-uk-lightbox=\"{group:'.wk-1b10'}\" ><\/a>\n                                    \n    <\/figure>\n\n<\/div>\n    <\/div>\n\n    \n<\/div>\n\n\n<script>\n    (function($){\n        \/\/ get the images of the gallery and replace it by a canvas of the same size to fix the problem with overlapping images on load.\n        $('.uk-overlay > img:first', $('#wk-gridb10')).each(function() {\n\n            var $img = $(this),\n                $canvas = $('<canvas class=\"uk-responsive-width\"><\/canvas>').attr({width:$img.attr('width'), height:$img.attr('height')}),\n                img = new Image;\n\n            $img.css('display', 'none').after($canvas);\n\n            img.onload = function(){\n                $canvas.remove();\n                $img.css('display', '');\n            };\n\n            img.src = this.src;\n        });\n\n    })(jQuery);\n<\/script>\n\n","protected":false},"excerpt":{"rendered":"<p>Lamine 3 Strip \u00fcr\u00fcnlerimizi a\u015fa\u011f\u0131da inceleyebilirsiniz. Sormak istedi\u011finiz t\u00fcm sorular\u0131n\u0131z i\u00e7in l\u00fctfen bizimle ileti\u015fime ge\u00e7iniz.<\/p>\n","protected":false},"author":1,"featured_media":0,"parent":0,"menu_order":0,"comment_status":"closed","ping_status":"closed","template":"","meta":{"footnotes":""},"class_list":["post-1323","page","type-page","status-publish","hentry"],"_links":{"self":[{"href":"https:\/\/soykokparke.com\/index.php?rest_route=\/wp\/v2\/pages\/1323","targetHints":{"allow":["GET"]}}],"collection":[{"href":"https:\/\/soykokparke.com\/index.php?rest_route=\/wp\/v2\/pages"}],"about":[{"href":"https:\/\/soykokparke.com\/index.php?rest_route=\/wp\/v2\/types\/page"}],"author":[{"embeddable":true,"href":"https:\/\/soykokparke.com\/index.php?rest_route=\/wp\/v2\/users\/1"}],"replies":[{"embeddable":true,"href":"https:\/\/soykokparke.com\/index.php?rest_route=%2Fwp%2Fv2%2Fcomments&post=1323"}],"version-history":[{"count":6,"href":"https:\/\/soykokparke.com\/index.php?rest_route=\/wp\/v2\/pages\/1323\/revisions"}],"predecessor-version":[{"id":1378,"href":"https:\/\/soykokparke.com\/index.php?rest_route=\/wp\/v2\/pages\/1323\/revisions\/1378"}],"wp:attachment":[{"href":"https:\/\/soykokparke.com\/index.php?rest_route=%2Fwp%2Fv2%2Fmedia&parent=1323"}],"curies":[{"name":"wp","href":"https:\/\/api.w.org\/{rel}","templated":true}]}}