{"id":1280,"date":"2023-11-17T15:18:08","date_gmt":"2023-11-17T15:18:08","guid":{"rendered":"https:\/\/soykokparke.com\/?page_id=1280"},"modified":"2023-11-17T15:18:08","modified_gmt":"2023-11-17T15:18:08","slug":"merdiven-uygulamalari","status":"publish","type":"page","link":"https:\/\/soykokparke.com\/?page_id=1280","title":{"rendered":"MERD\u0130VEN UYGULAMALARI"},"content":{"rendered":"\n<p>Merdiven uygulamalar\u0131m\u0131z\u0131 a\u015fa\u011f\u0131da inceleyebilirsiniz. Sormak istedi\u011finiz t\u00fcm sorular\u0131n\u0131z i\u00e7in l\u00fctfen bizimle ileti\u015fime ge\u00e7iniz.<\/p>\n\n\n\n\n\n<div id=\"wk-grid2ae\" class=\"uk-grid-width-1-1 uk-grid-width-small-1-2 uk-grid-width-medium-1-2 uk-grid-width-large-1-4 uk-grid-width-xlarge-1-4 tm-overlay-lykka\" data-uk-grid=\"{gutter: ' 15'}\"  data-uk-scrollspy=\"{cls:'uk-animation-scale-up uk-invisible', target:'> div > .uk-panel', delay:300}\">\n\n    \n    <div>\n    \n<div class=\"uk-panel uk-invisible\">\n\n    <figure class=\"uk-overlay uk-overlay-hover uk-border-rounded\">\n\n        <img loading=\"lazy\" decoding=\"async\" src=\"\/wp-content\/uploads\/0b7934ba-a2ad-4adc-92de-39df22f5aad4.jpeg\" class=\"uk-overlay-scale\" width=\"1200\" height=\"1600\">\n                <div class=\"uk-overlay-panel uk-overlay-background uk-overlay-fade\"><\/div>\n        \n        <div class=\"uk-overlay-panel uk-ignore uk-flex uk-flex-center uk-flex-middle uk-text-center\">\n            <div>\n\n                \n                \n                \n            <\/div>\n        <\/div>\n\n                                                        <a class=\"uk-position-cover\" href=\"\/wp-content\/uploads\/0b7934ba-a2ad-4adc-92de-39df22f5aad4.jpeg\" data-lightbox-type=\"image\" data-uk-lightbox=\"{group:'.wk-12ae'}\" ><\/a>\n                                    \n    <\/figure>\n\n<\/div>\n    <\/div>\n\n        \n    <div>\n    \n<div class=\"uk-panel uk-invisible\">\n\n    <figure class=\"uk-overlay uk-overlay-hover uk-border-rounded\">\n\n        <img loading=\"lazy\" decoding=\"async\" src=\"\/wp-content\/uploads\/2b00e442-97e0-4957-942b-a761b6e16dc5.jpeg\" class=\"uk-overlay-scale\" width=\"1200\" height=\"1600\">\n                <div class=\"uk-overlay-panel uk-overlay-background uk-overlay-fade\"><\/div>\n        \n        <div class=\"uk-overlay-panel uk-ignore uk-flex uk-flex-center uk-flex-middle uk-text-center\">\n            <div>\n\n                \n                \n                \n            <\/div>\n        <\/div>\n\n                                                        <a class=\"uk-position-cover\" href=\"\/wp-content\/uploads\/2b00e442-97e0-4957-942b-a761b6e16dc5.jpeg\" data-lightbox-type=\"image\" data-uk-lightbox=\"{group:'.wk-12ae'}\" ><\/a>\n                                    \n    <\/figure>\n\n<\/div>\n    <\/div>\n\n        \n    <div>\n    \n<div class=\"uk-panel uk-invisible\">\n\n    <figure class=\"uk-overlay uk-overlay-hover uk-border-rounded\">\n\n        <img loading=\"lazy\" decoding=\"async\" src=\"\/wp-content\/uploads\/57f8d6b5-a89d-49ca-9032-caeb6c0b8f16.jpeg\" class=\"uk-overlay-scale\" width=\"960\" height=\"1280\">\n                <div class=\"uk-overlay-panel uk-overlay-background uk-overlay-fade\"><\/div>\n        \n        <div class=\"uk-overlay-panel uk-ignore uk-flex uk-flex-center uk-flex-middle uk-text-center\">\n            <div>\n\n                \n                \n                \n            <\/div>\n        <\/div>\n\n                                                        <a class=\"uk-position-cover\" href=\"\/wp-content\/uploads\/57f8d6b5-a89d-49ca-9032-caeb6c0b8f16.jpeg\" data-lightbox-type=\"image\" data-uk-lightbox=\"{group:'.wk-12ae'}\" ><\/a>\n                                    \n    <\/figure>\n\n<\/div>\n    <\/div>\n\n        \n    <div>\n    \n<div class=\"uk-panel uk-invisible\">\n\n    <figure class=\"uk-overlay uk-overlay-hover uk-border-rounded\">\n\n        <img loading=\"lazy\" decoding=\"async\" src=\"\/wp-content\/uploads\/939a072a-ed23-451f-827a-f257a2074ec1.jpeg\" class=\"uk-overlay-scale\" width=\"960\" height=\"1280\">\n                <div class=\"uk-overlay-panel uk-overlay-background uk-overlay-fade\"><\/div>\n        \n        <div class=\"uk-overlay-panel uk-ignore uk-flex uk-flex-center uk-flex-middle uk-text-center\">\n            <div>\n\n                \n                \n                \n            <\/div>\n        <\/div>\n\n                                                        <a class=\"uk-position-cover\" href=\"\/wp-content\/uploads\/939a072a-ed23-451f-827a-f257a2074ec1.jpeg\" data-lightbox-type=\"image\" data-uk-lightbox=\"{group:'.wk-12ae'}\" ><\/a>\n                                    \n    <\/figure>\n\n<\/div>\n    <\/div>\n\n        \n    <div>\n    \n<div class=\"uk-panel uk-invisible\">\n\n    <figure class=\"uk-overlay uk-overlay-hover uk-border-rounded\">\n\n        <img loading=\"lazy\" decoding=\"async\" src=\"\/wp-content\/uploads\/4457be7c-e6de-4bde-a3b0-cc205e88a19c.jpeg\" class=\"uk-overlay-scale\" width=\"1200\" height=\"1600\">\n                <div class=\"uk-overlay-panel uk-overlay-background uk-overlay-fade\"><\/div>\n        \n        <div class=\"uk-overlay-panel uk-ignore uk-flex uk-flex-center uk-flex-middle uk-text-center\">\n            <div>\n\n                \n                \n                \n            <\/div>\n        <\/div>\n\n                                                        <a class=\"uk-position-cover\" href=\"\/wp-content\/uploads\/4457be7c-e6de-4bde-a3b0-cc205e88a19c.jpeg\" data-lightbox-type=\"image\" data-uk-lightbox=\"{group:'.wk-12ae'}\" ><\/a>\n                                    \n    <\/figure>\n\n<\/div>\n    <\/div>\n\n        \n    <div>\n    \n<div class=\"uk-panel uk-invisible\">\n\n    <figure class=\"uk-overlay uk-overlay-hover uk-border-rounded\">\n\n        <img loading=\"lazy\" decoding=\"async\" src=\"\/wp-content\/uploads\/1695452207145.jpg\" class=\"uk-overlay-scale\" width=\"1080\" height=\"1308\">\n                <div class=\"uk-overlay-panel uk-overlay-background uk-overlay-fade\"><\/div>\n        \n        <div class=\"uk-overlay-panel uk-ignore uk-flex uk-flex-center uk-flex-middle uk-text-center\">\n            <div>\n\n                \n                \n                \n            <\/div>\n        <\/div>\n\n                                                        <a class=\"uk-position-cover\" href=\"\/wp-content\/uploads\/1695452207145.jpg\" data-lightbox-type=\"image\" data-uk-lightbox=\"{group:'.wk-12ae'}\" ><\/a>\n                                    \n    <\/figure>\n\n<\/div>\n    <\/div>\n\n        \n    <div>\n    \n<div class=\"uk-panel uk-invisible\">\n\n    <figure class=\"uk-overlay uk-overlay-hover uk-border-rounded\">\n\n        <img loading=\"lazy\" decoding=\"async\" src=\"\/wp-content\/uploads\/1695452207177.jpg\" class=\"uk-overlay-scale\" width=\"1080\" height=\"1207\">\n                <div class=\"uk-overlay-panel uk-overlay-background uk-overlay-fade\"><\/div>\n        \n        <div class=\"uk-overlay-panel uk-ignore uk-flex uk-flex-center uk-flex-middle uk-text-center\">\n            <div>\n\n                \n                \n                \n            <\/div>\n        <\/div>\n\n                                                        <a class=\"uk-position-cover\" href=\"\/wp-content\/uploads\/1695452207177.jpg\" data-lightbox-type=\"image\" data-uk-lightbox=\"{group:'.wk-12ae'}\" ><\/a>\n                                    \n    <\/figure>\n\n<\/div>\n    <\/div>\n\n        \n    <div>\n    \n<div class=\"uk-panel uk-invisible\">\n\n    <figure class=\"uk-overlay uk-overlay-hover uk-border-rounded\">\n\n        <img loading=\"lazy\" decoding=\"async\" src=\"\/wp-content\/uploads\/1695452207210.jpg\" class=\"uk-overlay-scale\" width=\"1080\" height=\"1079\">\n                <div class=\"uk-overlay-panel uk-overlay-background uk-overlay-fade\"><\/div>\n        \n        <div class=\"uk-overlay-panel uk-ignore uk-flex uk-flex-center uk-flex-middle uk-text-center\">\n            <div>\n\n                \n                \n                \n            <\/div>\n        <\/div>\n\n                                                        <a class=\"uk-position-cover\" href=\"\/wp-content\/uploads\/1695452207210.jpg\" data-lightbox-type=\"image\" data-uk-lightbox=\"{group:'.wk-12ae'}\" ><\/a>\n                                    \n    <\/figure>\n\n<\/div>\n    <\/div>\n\n        \n    <div>\n    \n<div class=\"uk-panel uk-invisible\">\n\n    <figure class=\"uk-overlay uk-overlay-hover uk-border-rounded\">\n\n        <img loading=\"lazy\" decoding=\"async\" src=\"\/wp-content\/uploads\/1695452207243.jpg\" class=\"uk-overlay-scale\" width=\"1080\" height=\"1096\">\n                <div class=\"uk-overlay-panel uk-overlay-background uk-overlay-fade\"><\/div>\n        \n        <div class=\"uk-overlay-panel uk-ignore uk-flex uk-flex-center uk-flex-middle uk-text-center\">\n            <div>\n\n                \n                \n                \n            <\/div>\n        <\/div>\n\n                                                        <a class=\"uk-position-cover\" href=\"\/wp-content\/uploads\/1695452207243.jpg\" data-lightbox-type=\"image\" data-uk-lightbox=\"{group:'.wk-12ae'}\" ><\/a>\n                                    \n    <\/figure>\n\n<\/div>\n    <\/div>\n\n        \n    <div>\n    \n<div class=\"uk-panel uk-invisible\">\n\n    <figure class=\"uk-overlay uk-overlay-hover uk-border-rounded\">\n\n        <img loading=\"lazy\" decoding=\"async\" src=\"\/wp-content\/uploads\/1695452207287.jpg\" class=\"uk-overlay-scale\" width=\"1080\" height=\"1085\">\n                <div class=\"uk-overlay-panel uk-overlay-background uk-overlay-fade\"><\/div>\n        \n        <div class=\"uk-overlay-panel uk-ignore uk-flex uk-flex-center uk-flex-middle uk-text-center\">\n            <div>\n\n                \n                \n                \n            <\/div>\n        <\/div>\n\n                                                        <a class=\"uk-position-cover\" href=\"\/wp-content\/uploads\/1695452207287.jpg\" data-lightbox-type=\"image\" data-uk-lightbox=\"{group:'.wk-12ae'}\" ><\/a>\n                                    \n    <\/figure>\n\n<\/div>\n    <\/div>\n\n        \n    <div>\n    \n<div class=\"uk-panel uk-invisible\">\n\n    <figure class=\"uk-overlay uk-overlay-hover uk-border-rounded\">\n\n        <img loading=\"lazy\" decoding=\"async\" src=\"\/wp-content\/uploads\/d5391a8b-c4b0-48c2-aea1-88583c0094d0.jpeg\" class=\"uk-overlay-scale\" width=\"1200\" height=\"1600\">\n                <div class=\"uk-overlay-panel uk-overlay-background uk-overlay-fade\"><\/div>\n        \n        <div class=\"uk-overlay-panel uk-ignore uk-flex uk-flex-center uk-flex-middle uk-text-center\">\n            <div>\n\n                \n                \n                \n            <\/div>\n        <\/div>\n\n                                                        <a class=\"uk-position-cover\" href=\"\/wp-content\/uploads\/d5391a8b-c4b0-48c2-aea1-88583c0094d0.jpeg\" data-lightbox-type=\"image\" data-uk-lightbox=\"{group:'.wk-12ae'}\" ><\/a>\n                                    \n    <\/figure>\n\n<\/div>\n    <\/div>\n\n        \n    <div>\n    \n<div class=\"uk-panel uk-invisible\">\n\n    <figure class=\"uk-overlay uk-overlay-hover uk-border-rounded\">\n\n        <img loading=\"lazy\" decoding=\"async\" src=\"\/wp-content\/uploads\/fcc339b3-8933-459c-acee-4311da9a0ae5.jpeg\" class=\"uk-overlay-scale\" width=\"1200\" height=\"1600\">\n                <div class=\"uk-overlay-panel uk-overlay-background uk-overlay-fade\"><\/div>\n        \n        <div class=\"uk-overlay-panel uk-ignore uk-flex uk-flex-center uk-flex-middle uk-text-center\">\n            <div>\n\n                \n                \n                \n            <\/div>\n        <\/div>\n\n                                                        <a class=\"uk-position-cover\" href=\"\/wp-content\/uploads\/fcc339b3-8933-459c-acee-4311da9a0ae5.jpeg\" data-lightbox-type=\"image\" data-uk-lightbox=\"{group:'.wk-12ae'}\" ><\/a>\n                                    \n    <\/figure>\n\n<\/div>\n    <\/div>\n\n    \n<\/div>\n\n\n<script>\n    (function($){\n        \/\/ get the images of the gallery and replace it by a canvas of the same size to fix the problem with overlapping images on load.\n        $('.uk-overlay > img:first', $('#wk-grid2ae')).each(function() {\n\n            var $img = $(this),\n                $canvas = $('<canvas class=\"uk-responsive-width\"><\/canvas>').attr({width:$img.attr('width'), height:$img.attr('height')}),\n                img = new Image;\n\n            $img.css('display', 'none').after($canvas);\n\n            img.onload = function(){\n                $canvas.remove();\n                $img.css('display', '');\n            };\n\n            img.src = this.src;\n        });\n\n    })(jQuery);\n<\/script>\n\n","protected":false},"excerpt":{"rendered":"<p>Merdiven uygulamalar\u0131m\u0131z\u0131 a\u015fa\u011f\u0131da inceleyebilirsiniz. Sormak istedi\u011finiz t\u00fcm sorular\u0131n\u0131z i\u00e7in l\u00fctfen bizimle ileti\u015fime ge\u00e7iniz.<\/p>\n","protected":false},"author":1,"featured_media":0,"parent":0,"menu_order":0,"comment_status":"closed","ping_status":"closed","template":"","meta":{"footnotes":""},"class_list":["post-1280","page","type-page","status-publish","hentry"],"_links":{"self":[{"href":"https:\/\/soykokparke.com\/index.php?rest_route=\/wp\/v2\/pages\/1280","targetHints":{"allow":["GET"]}}],"collection":[{"href":"https:\/\/soykokparke.com\/index.php?rest_route=\/wp\/v2\/pages"}],"about":[{"href":"https:\/\/soykokparke.com\/index.php?rest_route=\/wp\/v2\/types\/page"}],"author":[{"embeddable":true,"href":"https:\/\/soykokparke.com\/index.php?rest_route=\/wp\/v2\/users\/1"}],"replies":[{"embeddable":true,"href":"https:\/\/soykokparke.com\/index.php?rest_route=%2Fwp%2Fv2%2Fcomments&post=1280"}],"version-history":[{"count":4,"href":"https:\/\/soykokparke.com\/index.php?rest_route=\/wp\/v2\/pages\/1280\/revisions"}],"predecessor-version":[{"id":1284,"href":"https:\/\/soykokparke.com\/index.php?rest_route=\/wp\/v2\/pages\/1280\/revisions\/1284"}],"wp:attachment":[{"href":"https:\/\/soykokparke.com\/index.php?rest_route=%2Fwp%2Fv2%2Fmedia&parent=1280"}],"curies":[{"name":"wp","href":"https:\/\/api.w.org\/{rel}","templated":true}]}}